{"id":1670,"date":"2024-04-25T13:14:45","date_gmt":"2024-04-25T10:14:45","guid":{"rendered":"https:\/\/gs-art.ro\/?page_id=1670"},"modified":"2024-08-21T10:28:25","modified_gmt":"2024-08-21T07:28:25","slug":"romanian-painters","status":"publish","type":"page","link":"https:\/\/gs-art.ro\/ro\/virtual-exhibitions\/romanian-painters\/","title":{"rendered":"Selec\u021bie de pictori rom\u00e2ni"},"content":{"rendered":"<div class=\"wpb-content-wrapper\"><div class=\"vc_row wpb_row row top-row text-center\"><div class=\"vc_column_container col-md-2\"><div class=\"wpb_wrapper vc_column-inner\"><\/div><\/div><div class=\"vc_column_container col-md-8\"><div class=\"wpb_wrapper vc_column-inner\">\n\t<div class=\"wpb_raw_code wpb_content_element wpb_raw_html\" >\n\t\t<div class=\"wpb_wrapper\">\n\t\t\t<iframe width=\"100%\" height=\"500\" src=\"https:\/\/d7mntklkfre1v.cloudfront.net\/virtual-exhibitions\/?i=14982\" frameborder=\"0\" allowfullscreen><\/iframe>\n\t\t<\/div>\n\t<\/div>\n<div class=\"porto-separator\"><hr class=\"separator-line  align_center\" style=\"background-image: -webkit-linear-gradient(left, transparent, grey, transparent); background-image: linear-gradient(to right, transparent, grey, transparent);width:80%;\"><\/div><\/div><\/div><div class=\"vc_column_container col-md-2\"><div class=\"wpb_wrapper vc_column-inner\"><\/div><\/div><\/div><div class=\"vc_row wpb_row row top-row\"><div class=\"vc_column_container col-md-2\"><div class=\"wpb_wrapper vc_column-inner\"><\/div><\/div><div class=\"vc_column_container col-md-8\"><div class=\"wpb_wrapper vc_column-inner\">\n\t<div class=\"wpb_text_column wpb_content_element\" >\n\t\t<div class=\"wpb_wrapper\">\n\t\t\t<p style=\"text-align: justify;\"><strong>ART\u0102 ROM\u00c2NEASC\u0102<\/strong><\/p>\n<p style=\"text-align: justify;\">Colec\u021bia de art\u0103 rom\u00e2neasc\u0103 s-a constituit dup\u0103 anii '90, prin achizi\u021bii de la arti\u0219ti - direct din ateliere, de la unii colec\u021bionari \u0219i mai t\u00e2rziu de la casele de licita\u021bii din Bucure\u0219ti.<\/p>\n<p style=\"text-align: justify;\" class=\" translation-block\">Tablourile din colec\u021bie sunt realizate dup\u0103 anii '60, cum ar fi cele ale artistului <strong>Alin Gheorghiu<\/strong>, sau ale artistelor <strong>Magdalena R\u0103dulescu, Margareta Sterian, sau Georgeta N\u0103p\u0103rus<\/strong>, dar \u0219i din perioada mai recent\u0103, de dup\u0103 anul 2000, \u0219i exemplific aici lucr\u0103rile lui <strong>Vladimir \u0218etran, Florin Ciubotaru, Corneliu Vasilescu, Vasile Tolan<\/strong>, etc. Majoritatea lucr\u0103rilor au fost \u0219i sunt expuse la sediul firmei de avocatur\u0103 \u0218erban &amp; Asocia\u021bii; iar o parte dintre ele au fost expuse \u00een diverse muzee din \u021bar\u0103 \u0219i \u00een sediile ICR din Chi\u0219in\u0103u, Budapesta \u0219i Viena.<\/p>\n<p style=\"text-align: justify;\">\u00cen cadrul acestei expozi\u021bii ve\u021bi putea admira lucr\u0103ri realizate de 25 de arti\u0219ti rom\u00e2ni.<\/p>\n\n\t\t<\/div>\n\t<\/div>\n<\/div><\/div><div class=\"vc_column_container col-md-2\"><div class=\"wpb_wrapper vc_column-inner\"><\/div><\/div><\/div>\n<\/div>","protected":false},"excerpt":{"rendered":"ROMANIAN ART The collection of Romanian art was built up after the 90's, through acquisitions from artists- directly from workshops, from some collectors and later from Bucharest auction houses. The paintings in the collection are made after the 60s, such as those of the artist Alin Gheorghiu, or of the artists Magdalena R\u0103dulescu, Margareta Sterian, [...]","protected":false},"author":1,"featured_media":0,"parent":307,"menu_order":0,"comment_status":"closed","ping_status":"closed","template":"","meta":{"footnotes":""},"class_list":["post-1670","page","type-page","status-publish","hentry"],"_links":{"self":[{"href":"https:\/\/gs-art.ro\/ro\/wp-json\/wp\/v2\/pages\/1670","targetHints":{"allow":["GET"]}}],"collection":[{"href":"https:\/\/gs-art.ro\/ro\/wp-json\/wp\/v2\/pages"}],"about":[{"href":"https:\/\/gs-art.ro\/ro\/wp-json\/wp\/v2\/types\/page"}],"author":[{"embeddable":true,"href":"https:\/\/gs-art.ro\/ro\/wp-json\/wp\/v2\/users\/1"}],"replies":[{"embeddable":true,"href":"https:\/\/gs-art.ro\/ro\/wp-json\/wp\/v2\/comments?post=1670"}],"version-history":[{"count":21,"href":"https:\/\/gs-art.ro\/ro\/wp-json\/wp\/v2\/pages\/1670\/revisions"}],"predecessor-version":[{"id":2276,"href":"https:\/\/gs-art.ro\/ro\/wp-json\/wp\/v2\/pages\/1670\/revisions\/2276"}],"up":[{"embeddable":true,"href":"https:\/\/gs-art.ro\/ro\/wp-json\/wp\/v2\/pages\/307"}],"wp:attachment":[{"href":"https:\/\/gs-art.ro\/ro\/wp-json\/wp\/v2\/media?parent=1670"}],"curies":[{"name":"wp","href":"https:\/\/api.w.org\/{rel}","templated":true}]}}