{"id":1695,"date":"2024-05-10T14:21:20","date_gmt":"2024-05-10T11:21:20","guid":{"rendered":"https:\/\/gs-art.ro\/?page_id=1695"},"modified":"2024-08-21T10:28:17","modified_gmt":"2024-08-21T07:28:17","slug":"romanian-graphic-artists","status":"publish","type":"page","link":"https:\/\/gs-art.ro\/ro\/virtual-exhibitions\/romanian-graphic-artists\/","title":{"rendered":"Selec\u021bie de arti\u0219ti graficieni rom\u00e2ni"},"content":{"rendered":"<div class=\"wpb-content-wrapper\"><div class=\"vc_row wpb_row row top-row text-center\"><div class=\"vc_column_container col-md-2\"><div class=\"wpb_wrapper vc_column-inner\"><\/div><\/div><div class=\"vc_column_container col-md-8\"><div class=\"wpb_wrapper vc_column-inner\">\n\t<div class=\"wpb_raw_code wpb_content_element wpb_raw_html\" >\n\t\t<div class=\"wpb_wrapper\">\n\t\t\t<iframe width=\"100%\" height=\"500\" src=\"https:\/\/d7mntklkfre1v.cloudfront.net\/virtual-exhibitions\/?i=15274\" frameborder=\"0\" allowfullscreen><\/iframe>\n\t\t<\/div>\n\t<\/div>\n<div class=\"porto-separator\"><hr class=\"separator-line  align_center\" style=\"background-image: -webkit-linear-gradient(left, transparent, grey, transparent); background-image: linear-gradient(to right, transparent, grey, transparent);width:80%;\"><\/div><\/div><\/div><div class=\"vc_column_container col-md-2\"><div class=\"wpb_wrapper vc_column-inner\"><\/div><\/div><\/div><div class=\"vc_row wpb_row row top-row\"><div class=\"vc_column_container col-md-2\"><div class=\"wpb_wrapper vc_column-inner\"><\/div><\/div><div class=\"vc_column_container col-md-8\"><div class=\"wpb_wrapper vc_column-inner\">\n\t<div class=\"wpb_text_column wpb_content_element\" >\n\t\t<div class=\"wpb_wrapper\">\n\t\t\t<p style=\"text-align: justify;\"><em><strong>GRAFIC\u0102 ROM\u00c2NEASC\u0102<\/strong><\/em><\/p>\n<p style=\"text-align: justify;\"><span style=\"font-size: 16px;\">Colec\u021bia de grafic\u0103 rom\u00e2neasc\u0103 (desen, acuarel\u0103, gravur\u0103, litografie, tempera, etc.), am realizat-o \u00eencep\u00e2nd cu anul 1990. Am c\u00e2teva lucr\u0103ri din perioada studen\u021biei mele, precum Aurel Jiquidi, Marcel Chirnoaga, Mircia Dumitrescu sau George Patru. Lucr\u0103rile acoper\u0103 \u00eentregul secol XX p\u00e2n\u0103 \u00een prezent \u0219i sunt realizate de aproximativ 200 de arti\u0219ti afla\u021bi \u00een diferite stadii de crea\u021bie.<\/span><\/p>\n<p style=\"text-align: justify;\"><span style=\"font-size: 16px;\">Totu\u0219i, predomin\u0103 lucr\u0103rile din perioada 1960-2010. Majoritatea lucr\u0103rilor au fost achizi\u021bionate de la arti\u0219ti (pictori, sculptori sau graficieni) - direct din ateliere, de la unii colec\u021bionari din Bucure\u0219ti \u0219i de la case de licita\u021bii din Bucure\u0219ti.\nCele mai multe nume importante de arti\u0219ti din sec. XX \u0219i \u00eenceputul secolului XXI se afl\u0103 \u00een colec\u021bia mea. Un loc important \u00een colec\u021bia de grafic\u0103 este ocupat de arti\u0219tii (35 de graficieni) care i-au avut ca profesori pe Vasile Kazar, Ion State \u0219i Mircia Dumitrescu. \u00cen expozi\u021biile mele organizate \u00eempreun\u0103 cu Muzeul Na\u021bional Brukenthal \u0219i curatoriate de Alexandru Constantin Chi\u021bu\u021b\u0103, \u0218coala Kazar a reprezentat o parte important\u0103 a manifest\u0103rilor respective \u0219i un capitol aparte \u00een albumul expozi\u021bional.\nPeste 200 de lucr\u0103ri de grafic\u0103 au fost expuse \u00een birourile societ\u0103\u021bii de avocatur\u0103 \u201e\u0218erban &amp; Asocia\u021bii\u201d timp de mai bine de 15 ani, iar aproximativ 150 au fost expuse \u00een diverse expozi\u021bii \u00een muzee din \u021bar\u0103 \u0219i \u00een birourile ICR din Chi\u0219in\u0103u, Budapesta \u0219i Viena.<\/span><\/p>\n<p style=\"text-align: justify;\"><span style=\"font-size: 15px;\"><span style=\"font-size: 16px;\">Pute\u021bi vedea aici o mic\u0103 parte din colec\u021bia de grafic\u0103 realizat\u0103 de o serie de arti\u0219ti rom\u00e2ni.<\/span>.<\/span><\/p>\n\n\t\t<\/div>\n\t<\/div>\n<\/div><\/div><div class=\"vc_column_container col-md-2\"><div class=\"wpb_wrapper vc_column-inner\"><\/div><\/div><div class=\"vc_column_container col-md-12\"><div class=\"wpb_wrapper vc_column-inner\"><div class=\"vc_empty_space\"   style=\"height: 24px\"><span class=\"vc_empty_space_inner\"><\/span><\/div>\n<div class=\"vc-zigzag-wrapper vc-zigzag-align-center\"><div class=\"vc-zigzag-inner\" style=\"width: 70%;min-height: 22px;background: 0 repeat-x url(&#039;data:image\/svg+xml;utf-8,%3C%3Fxml%20version%3D%221.0%22%20encoding%3D%22utf-8%22%3F%3E%3C%21DOCTYPE%20svg%20PUBLIC%20%22-%2F%2FW3C%2F%2FDTD%20SVG%201.1%2F%2FEN%22%20%22http%3A%2F%2Fwww.w3.org%2FGraphics%2FSVG%2F1.1%2FDTD%2Fsvg11.dtd%22%3E%3Csvg%20width%3D%2222px%22%20height%3D%2220px%22%20viewBox%3D%220%200%2018%2015%22%20version%3D%221.1%22%20xmlns%3D%22http%3A%2F%2Fwww.w3.org%2F2000%2Fsvg%22%20xmlns%3Axlink%3D%22http%3A%2F%2Fwww.w3.org%2F1999%2Fxlink%22%3E%3Cpolygon%20id%3D%22Combined-Shape%22%20fill%3D%22%23ebebeb%22%20points%3D%228.98762301%200%200%209.12771969%200%2014.519983%209%205.40479869%2018%2014.519983%2018%209.12771969%22%3E%3C%2Fpolygon%3E%3C%2Fsvg%3E&#039;);\"><\/div><\/div><div class=\"vc_empty_space\"   style=\"height: 24px\"><span class=\"vc_empty_space_inner\"><\/span><\/div><\/div><\/div><\/div><div class=\"vc_row wpb_row row top-row text-center\"><div class=\"vc_column_container col-md-2\"><div class=\"wpb_wrapper vc_column-inner\"><\/div><\/div><div class=\"vc_column_container col-md-8\"><div class=\"wpb_wrapper vc_column-inner\">\n\t<div class=\"wpb_raw_code wpb_content_element wpb_raw_html\" >\n\t\t<div class=\"wpb_wrapper\">\n\t\t\t<iframe width=\"100%\" height=\"500\" src=\"https:\/\/d7mntklkfre1v.cloudfront.net\/virtual-exhibitions\/?i=15421\" frameborder=\"0\" allowfullscreen><\/iframe>\n\t\t<\/div>\n\t<\/div>\n<div class=\"porto-separator\"><hr class=\"separator-line  align_center\" style=\"background-image: -webkit-linear-gradient(left, transparent, grey, transparent); background-image: linear-gradient(to right, transparent, grey, transparent);width:80%;\"><\/div><\/div><\/div><div class=\"vc_column_container col-md-2\"><div class=\"wpb_wrapper vc_column-inner\"><\/div><\/div><\/div><div class=\"vc_row wpb_row row top-row\"><div class=\"vc_column_container col-md-2\"><div class=\"wpb_wrapper vc_column-inner\"><\/div><\/div><div class=\"vc_column_container col-md-8\"><div class=\"wpb_wrapper vc_column-inner\">\n\t<div class=\"wpb_text_column wpb_content_element\" >\n\t\t<div class=\"wpb_wrapper\">\n\t\t\t<p style=\"text-align: justify;\"><span style=\"font-size: 16px;\"><strong>GRAFIC\u0102 ROM\u00c2NEASC\u0102 - \u0218COALA KAZAR<\/strong><\/span><\/p>\n<p style=\"text-align: justify;\"><span style=\"font-size: 16px;\">Un loc important \u00een colec\u021bia de grafic\u0103 este ocupat de arti\u0219tii (35 de graficieni) care i-au avut ca profesori pe Vasile Kazar, Ion State \u0219i Mircia Dumitrescu. \u00cen expozi\u021biile mele organizate \u00eempreun\u0103 cu Muzeul Na\u021bional Brukenthal \u0219i \u00eengrijite de Alexandru Constantin Chi\u021bu\u021b\u0103, am numit acest grup \u201e\u0218coala Kazar\u201d. Lucr\u0103rile acestei \u0219coli au fost o parte important\u0103 a expozi\u021biilor noastre \u0219i au un capitol special \u00een albumul expozi\u021biei.<\/span><\/p>\n<p style=\"text-align: justify;\"><span style=\"font-size: 16px;\">De-a lungul anilor am avut onoarea \u0219i \u0219ansa de a-i vizita pe mul\u021bi dintre ei \u00een ateliere sau de a-i \u00eent\u00e2lni la expozi\u021bii sau chiar la sediul firmei mele. Discu\u021biile cu ei, sfaturile lor, m-au ajutat enorm \u00een consolidarea, rafinarea colec\u021biei mele grafice. A\u0219 dori s\u0103 le mul\u021bumesc \u00een mod special lui Nicolae S\u0103ftoiu \u0219i Dan Erceanu (care nu mai sunt printre noi, dar \u0219i Casiei Csehi \u0219i Mirciei Dumitrescu - un mare artist care a fost foarte productiv \u00een ultimii ani.<\/span><\/p>\n\n\t\t<\/div>\n\t<\/div>\n<\/div><\/div><div class=\"vc_column_container col-md-2\"><div class=\"wpb_wrapper vc_column-inner\"><\/div><\/div><\/div>\n<\/div>","protected":false},"excerpt":{"rendered":"ROMANIAN GRAPHIC ART The collection of Romanian graphic art (drawing, watercolour, etching, lithography, tempera, etc.), I have been making since 1990. I have some works from my student period, such as Aurel Jiquidi, Marcel Chirnoaga, Mircia Dumitrescu or George Patru. The works cover the entire 20th century to date and are made by about 200 [...]","protected":false},"author":1,"featured_media":0,"parent":307,"menu_order":0,"comment_status":"closed","ping_status":"closed","template":"","meta":{"footnotes":""},"class_list":["post-1695","page","type-page","status-publish","hentry"],"_links":{"self":[{"href":"https:\/\/gs-art.ro\/ro\/wp-json\/wp\/v2\/pages\/1695","targetHints":{"allow":["GET"]}}],"collection":[{"href":"https:\/\/gs-art.ro\/ro\/wp-json\/wp\/v2\/pages"}],"about":[{"href":"https:\/\/gs-art.ro\/ro\/wp-json\/wp\/v2\/types\/page"}],"author":[{"embeddable":true,"href":"https:\/\/gs-art.ro\/ro\/wp-json\/wp\/v2\/users\/1"}],"replies":[{"embeddable":true,"href":"https:\/\/gs-art.ro\/ro\/wp-json\/wp\/v2\/comments?post=1695"}],"version-history":[{"count":34,"href":"https:\/\/gs-art.ro\/ro\/wp-json\/wp\/v2\/pages\/1695\/revisions"}],"predecessor-version":[{"id":2291,"href":"https:\/\/gs-art.ro\/ro\/wp-json\/wp\/v2\/pages\/1695\/revisions\/2291"}],"up":[{"embeddable":true,"href":"https:\/\/gs-art.ro\/ro\/wp-json\/wp\/v2\/pages\/307"}],"wp:attachment":[{"href":"https:\/\/gs-art.ro\/ro\/wp-json\/wp\/v2\/media?parent=1695"}],"curies":[{"name":"wp","href":"https:\/\/api.w.org\/{rel}","templated":true}]}}