{"id":1715,"date":"2024-05-20T03:18:31","date_gmt":"2024-05-20T00:18:31","guid":{"rendered":"https:\/\/gs-art.ro\/?page_id=1715"},"modified":"2024-08-27T12:13:42","modified_gmt":"2024-08-27T09:13:42","slug":"european-engravings-etchings-1500-1900","status":"publish","type":"page","link":"https:\/\/gs-art.ro\/ro\/virtual-exhibitions\/european-engravings-etchings-1500-1900\/","title":{"rendered":"Selec\u021bie de gravuri europene din perioada 1500-1900"},"content":{"rendered":"<div class=\"wpb-content-wrapper\"><div class=\"vc_row wpb_row row top-row text-center\"><div class=\"vc_column_container col-md-2\"><div class=\"wpb_wrapper vc_column-inner\"><\/div><\/div><div class=\"vc_column_container col-md-8\"><div class=\"wpb_wrapper vc_column-inner\">\n\t<div class=\"wpb_raw_code wpb_content_element wpb_raw_html\" >\n\t\t<div class=\"wpb_wrapper\">\n\t\t\t<iframe width=\"100%\" height=\"500\" src=\"https:\/\/d7mntklkfre1v.cloudfront.net\/virtual-exhibitions\/?i=15573\" frameborder=\"0\" allowfullscreen><\/iframe>\n\t\t<\/div>\n\t<\/div>\n<div class=\"porto-separator\"><hr class=\"separator-line  align_center\" style=\"background-image: -webkit-linear-gradient(left, transparent, grey, transparent); background-image: linear-gradient(to right, transparent, grey, transparent);width:80%;\"><\/div><\/div><\/div><div class=\"vc_column_container col-md-2\"><div class=\"wpb_wrapper vc_column-inner\"><\/div><\/div><\/div><div class=\"vc_row wpb_row row top-row\"><div class=\"vc_column_container col-md-2\"><div class=\"wpb_wrapper vc_column-inner\"><\/div><\/div><div class=\"vc_column_container col-md-8\"><div class=\"wpb_wrapper vc_column-inner\">\n\t<div class=\"wpb_text_column wpb_content_element\" >\n\t\t<div class=\"wpb_wrapper\">\n\t\t\t<p style=\"text-align: justify;\"><span style=\"font-size: 16px;\">Gravura \u00ee\u0219i are originea \u00een China antic\u0103, unde era folosit\u0103 pentru a realiza h\u0103r\u021bi \u0219i c\u0103r\u021bi sau imagini religioase. Mult mai t\u00e2rziu, negustorii vene\u021bieni au adus tehnica \u00een Europa. Cu toate acestea, gravura ca gen artistic al artei grafice nu a ap\u0103rut p\u00e2n\u0103 \u00een secolul al XV-lea \u00een nordul Europei, \u00een special \u00een Germania. Primele gravuri pe lemn au fost identificate \u00eentre 1420 \u0219i 1430 \u00een Valea Rinului Superior, iar artistul\/gravorul a fost Maestrul C\u0103r\u021bilor de Joc, care este cunoscut pentru realizarea a 106 gravuri.<\/span><\/p>\n<p style=\"text-align: justify;\"><span style=\"font-size: 16px;\">Am \u00eenceput s\u0103 achizi\u021bionez gravuri \u00een anii studen\u021biei, c\u00e2nd vizitam magazinele de antichit\u0103\u021bi din Bucure\u0219ti. Desigur, achizi\u021biile serioase au inceput dup\u0103 anii '90, c\u00e2nd am avut acces la galerii de art\u0103 \u0219i case de licita\u021bii din Europa.\u00a0<\/span><\/p>\n<p style=\"text-align: justify;\"><span style=\"font-size: 16px;\">\u00cen colec\u021bia mea se afl\u0103 lucr\u0103ri realizate \u00een Germania, Olanda, \u021a\u0103rile de Jos, Fran\u021ba, Anglia, Spania \u0219i Elve\u021bia, \u00eencep\u00e2nd cu secolul al XV-lea \u0219i continu\u00e2nd p\u00e2n\u0103 \u00een secolul al XIX-lea, inclusiv secolul al XX-lea. Sunt aproximativ 90 de arti\u0219ti \u0219i graficieni care au tr\u0103it \u0219i au lucrat \u00een Europa \u00een aceast\u0103 perioad\u0103, \u00eencep\u00e2nd cu Schoengauer, D\u00fcrer, Lucas Cranach, Da Vinci, Michelangelo, Rafael, Marcantonio, Raimondi, Titian, Giulio Romano, Piranesi, Goltzius, Rembrandt, Rubens, Adriaen Ostade, Brueghel, Stradanus, familia Wierix, Anthony van Dyck, William Hogarth, Goya, Picasso, Max Ernst, Giacometti, Victor Brauner \u0219i al\u021bii.<\/span><\/p>\n<p style=\"text-align: justify;\"><span style=\"font-size: 16px;\">In 2021, am organizat la Muzeul Na\u021bional Brukenthal o expozi\u021bie omagial\u0103 cu ocazia \u00eemplinirii a 300 de ani de la na\u0219terea colec\u021bionarului Baronul Samuel von Brukenthal, prilej cu care au fost expuse aproximativ 100 de gravuri. Ulterior, aceast\u0103 expozi\u021bie a fost prezentat\u0103 la Gala\u021bi, Ia\u0219i \u0219i Baia Mare. Periplul acestei expozi\u021bii va continua \u0219i \u00een perioada urm\u0103toare, sunt muzee din Rom\u00e2nia interesate s\u0103 \u00eemprumute aceste lucr\u0103ri pentru a fi expuse \u00een s\u0103lile acestora.<\/span><\/p>\n\n\t\t<\/div>\n\t<\/div>\n<\/div><\/div><div class=\"vc_column_container col-md-2\"><div class=\"wpb_wrapper vc_column-inner\"><\/div><\/div><\/div>\n<\/div>","protected":false},"excerpt":{"rendered":"Engraving originated in ancient China, where it was used to make maps and books or religious images. Much later, Venetian merchants brought the technique to Europe. However, engraving as an artistic genre of graphic art did not appear until the 15th century in northern Europe, specifically in Germany. The first wood engravings were identified between [...]","protected":false},"author":1,"featured_media":0,"parent":307,"menu_order":0,"comment_status":"closed","ping_status":"closed","template":"","meta":{"footnotes":""},"class_list":["post-1715","page","type-page","status-publish","hentry"],"_links":{"self":[{"href":"https:\/\/gs-art.ro\/ro\/wp-json\/wp\/v2\/pages\/1715","targetHints":{"allow":["GET"]}}],"collection":[{"href":"https:\/\/gs-art.ro\/ro\/wp-json\/wp\/v2\/pages"}],"about":[{"href":"https:\/\/gs-art.ro\/ro\/wp-json\/wp\/v2\/types\/page"}],"author":[{"embeddable":true,"href":"https:\/\/gs-art.ro\/ro\/wp-json\/wp\/v2\/users\/1"}],"replies":[{"embeddable":true,"href":"https:\/\/gs-art.ro\/ro\/wp-json\/wp\/v2\/comments?post=1715"}],"version-history":[{"count":25,"href":"https:\/\/gs-art.ro\/ro\/wp-json\/wp\/v2\/pages\/1715\/revisions"}],"predecessor-version":[{"id":2506,"href":"https:\/\/gs-art.ro\/ro\/wp-json\/wp\/v2\/pages\/1715\/revisions\/2506"}],"up":[{"embeddable":true,"href":"https:\/\/gs-art.ro\/ro\/wp-json\/wp\/v2\/pages\/307"}],"wp:attachment":[{"href":"https:\/\/gs-art.ro\/ro\/wp-json\/wp\/v2\/media?parent=1715"}],"curies":[{"name":"wp","href":"https:\/\/api.w.org\/{rel}","templated":true}]}}