{"id":1747,"date":"2024-05-30T13:28:01","date_gmt":"2024-05-30T10:28:01","guid":{"rendered":"https:\/\/gs-art.ro\/?page_id=1747"},"modified":"2024-08-21T10:28:32","modified_gmt":"2024-08-21T07:28:32","slug":"romanian-sculptors","status":"publish","type":"page","link":"https:\/\/gs-art.ro\/ro\/virtual-exhibitions\/romanian-sculptors\/","title":{"rendered":"Selec\u021bie de sculptori rom\u00e2ni"},"content":{"rendered":"<div class=\"wpb-content-wrapper\"><div class=\"vc_row wpb_row row top-row text-center\"><div class=\"vc_column_container col-md-2\"><div class=\"wpb_wrapper vc_column-inner\"><\/div><\/div><div class=\"vc_column_container col-md-8\"><div class=\"wpb_wrapper vc_column-inner\">\n\t<div class=\"wpb_raw_code wpb_content_element wpb_raw_html\" >\n\t\t<div class=\"wpb_wrapper\">\n\t\t\t<iframe width=\"100%\" height=\"500\" src=\"https:\/\/d7mntklkfre1v.cloudfront.net\/virtual-exhibitions\/?i=15419\" frameborder=\"0\" allowfullscreen><\/iframe>\n\t\t<\/div>\n\t<\/div>\n<div class=\"porto-separator\"><hr class=\"separator-line  align_center\" style=\"background-image: -webkit-linear-gradient(left, transparent, grey, transparent); background-image: linear-gradient(to right, transparent, grey, transparent);width:80%;\"><\/div><\/div><\/div><div class=\"vc_column_container col-md-2\"><div class=\"wpb_wrapper vc_column-inner\"><\/div><\/div><\/div><div class=\"vc_row wpb_row row top-row\"><div class=\"vc_column_container col-md-2\"><div class=\"wpb_wrapper vc_column-inner\"><\/div><\/div><div class=\"vc_column_container col-md-8\"><div class=\"wpb_wrapper vc_column-inner\">\n\t<div class=\"wpb_text_column wpb_content_element\" >\n\t\t<div class=\"wpb_wrapper\">\n\t\t\t<p style=\"text-align: justify;\">Sculptorii \u0219i lucr\u0103rile lor m-au interesat \u00eenc\u0103 din primii ani de liceu, dup\u0103 ce am citit via\u021ba lui Michelangelo \u00een ''Agonie \u0219i extaz'' de Irving Stone. De asemenea, am avut o \u00eent\u00e2lnire cu sculptorul Napoleon Tiron la expozi\u021bia sa din 1986 de la Sala Dalles \u0219i multe alte \u00eent\u00e2lniri dup\u0103 aceea. Am colec\u021bionat diverse lucr\u0103ri (desene, acuarele, gravuri, sculpturi din bronz, lemn \u0219i piatr\u0103) de la arti\u0219ti sau succesorii lor \u0219i unele de la case de licita\u021bii din Bucure\u0219ti. \u00cen anul 2024, la Muzeul Na\u021bional Constantin Br\u00e2ncu\u0219i din T\u00e2rgu Jiu, \u00eempreun\u0103 cu artistul Zuzu Carat\u0103nase, am deschis o expozi\u021bie cu lucr\u0103rile sculptorilor rom\u00e2ni \u0219i europeni, \u201eOmagiu lui Br\u00e2ncu\u0219i\u201d. \n\nO mare parte din lucr\u0103rile acestei sec\u021biuni sunt expuse aici.<\/p>\n\n\t\t<\/div>\n\t<\/div>\n<\/div><\/div><div class=\"vc_column_container col-md-2\"><div class=\"wpb_wrapper vc_column-inner\"><\/div><\/div><\/div>\n<\/div>","protected":false},"excerpt":{"rendered":"Sculptors and their works have interested me since my early high school years, after reading about Michelangelo's life in Irving Stone's ''Agony and Ecstasy''. I also had a meeting with the sculptor Napoleon Tiron at his 1986 exhibition at the Sala Dalles and many other encounters after that. I collected various works (drawings, watercolors, etchings, [...]","protected":false},"author":1,"featured_media":0,"parent":307,"menu_order":0,"comment_status":"closed","ping_status":"closed","template":"","meta":{"footnotes":""},"class_list":["post-1747","page","type-page","status-publish","hentry"],"_links":{"self":[{"href":"https:\/\/gs-art.ro\/ro\/wp-json\/wp\/v2\/pages\/1747","targetHints":{"allow":["GET"]}}],"collection":[{"href":"https:\/\/gs-art.ro\/ro\/wp-json\/wp\/v2\/pages"}],"about":[{"href":"https:\/\/gs-art.ro\/ro\/wp-json\/wp\/v2\/types\/page"}],"author":[{"embeddable":true,"href":"https:\/\/gs-art.ro\/ro\/wp-json\/wp\/v2\/users\/1"}],"replies":[{"embeddable":true,"href":"https:\/\/gs-art.ro\/ro\/wp-json\/wp\/v2\/comments?post=1747"}],"version-history":[{"count":18,"href":"https:\/\/gs-art.ro\/ro\/wp-json\/wp\/v2\/pages\/1747\/revisions"}],"predecessor-version":[{"id":2277,"href":"https:\/\/gs-art.ro\/ro\/wp-json\/wp\/v2\/pages\/1747\/revisions\/2277"}],"up":[{"embeddable":true,"href":"https:\/\/gs-art.ro\/ro\/wp-json\/wp\/v2\/pages\/307"}],"wp:attachment":[{"href":"https:\/\/gs-art.ro\/ro\/wp-json\/wp\/v2\/media?parent=1747"}],"curies":[{"name":"wp","href":"https:\/\/api.w.org\/{rel}","templated":true}]}}