{"id":1779,"date":"2024-06-21T12:43:44","date_gmt":"2024-06-21T09:43:44","guid":{"rendered":"https:\/\/gs-art.ro\/?page_id=1779"},"modified":"2024-08-21T10:26:24","modified_gmt":"2024-08-21T07:26:24","slug":"woodblock-prints-meiji","status":"publish","type":"page","link":"https:\/\/gs-art.ro\/ro\/virtual-exhibitions\/woodblock-prints-meiji\/","title":{"rendered":"Selec\u021bie de stampe japoneze din epoca Meiji"},"content":{"rendered":"<div class=\"wpb-content-wrapper\"><div class=\"vc_row wpb_row row top-row text-center\"><div class=\"vc_column_container col-md-2\"><div class=\"wpb_wrapper vc_column-inner\"><\/div><\/div><div class=\"vc_column_container col-md-8\"><div class=\"wpb_wrapper vc_column-inner\">\n\t<div class=\"wpb_raw_code wpb_content_element wpb_raw_html\" >\n\t\t<div class=\"wpb_wrapper\">\n\t\t\t<iframe width=\"100%\" height=\"500\" src=\"https:\/\/d7mntklkfre1v.cloudfront.net\/virtual-exhibitions\/?i=15695\" frameborder=\"0\" allowfullscreen><\/iframe>\n\t\t<\/div>\n\t<\/div>\n<div class=\"porto-separator\"><hr class=\"separator-line  align_center\" style=\"background-image: -webkit-linear-gradient(left, transparent, grey, transparent); background-image: linear-gradient(to right, transparent, grey, transparent);width:80%;\"><\/div><\/div><\/div><div class=\"vc_column_container col-md-2\"><div class=\"wpb_wrapper vc_column-inner\"><\/div><\/div><\/div><div class=\"vc_row wpb_row row top-row\"><div class=\"vc_column_container col-md-2\"><div class=\"wpb_wrapper vc_column-inner\"><\/div><\/div><div class=\"vc_column_container col-md-8\"><div class=\"wpb_wrapper vc_column-inner\">\n\t<div class=\"wpb_text_column wpb_content_element\" >\n\t\t<div class=\"wpb_wrapper\">\n\t\t\t<p style=\"text-align: justify;\"><strong>Istoria Epocii Meiji<\/strong><\/p>\n<p style=\"text-align: justify;\">Epoca Meiji a fost o perioad\u0103 de transformare \u0219i inova\u021bie \u00een Japonia, iar arta Ukiyo-e (inceputa in epoca Edo) nu a fost o excep\u021bie. Aceast\u0103 form\u0103 tradi\u021bional\u0103 de gravur\u0103 pe lemn a suferit modific\u0103ri substan\u021biale pentru a reflecta schimb\u0103rile radicale din societatea japonez\u0103.<\/p>\n<p style=\"text-align: justify;\" class=\" translation-block\">\u00cen acest caz, ne referim la:\nIntroducerea tehnicilor occidentale, precum gravura pe metal \u0219i tipografia, care au fost aduse \u00een Japonia \u0219i integrate \u00een produc\u021bia de ukiyo-e, permi\u021b\u00e2nd arti\u0219tilor s\u0103 experimenteze noi metode \u0219i stiluri. Teme \u0219i subiecte: Europenii au adus cu ei noi subiecte \u0219i teme \u00een Japonia, inclusiv imagini ale vie\u021bii occidentale, portrete ale str\u0103inilor \u0219i scene din r\u0103zboaie. Aceste subiecte au fost adesea integrate \u00een lucr\u0103rile ukiyo-e, uneori cu un amestec de est \u0219i vest.<\/p>\n<p style=\"text-align: justify;\" class=\" translation-block\">1. Utilizarea perspectivei occidentale: \u00cen mod tradi\u021bional, arta ukiyo-e folosea o perspectiv\u0103 occidental\u0103: perspectiv\u0103 bidimensional\u0103 \u0219i compozi\u021bie plat\u0103. Cu toate acestea, sub influen\u021ba artei europene, unii arti\u0219ti ukiyo-e, cum ar fi Utagawa Hiroshige \u0219i Hokusai, au \u00eenceput s\u0103 experimenteze cu perspectiva occidental\u0103, ad\u0103ug\u00e2nd profunzime \u0219i volum lucr\u0103rilor lor.<br>\n2. Influen\u021ba culorilor \u0219i a stilurilor: Europenii au introdus, de asemenea, noi tehnici de \u0219i stiluri artistice. Culorile vii \u0219i detaliile fine au \u00eenceput s\u0103 apar\u0103 \u00een ukiyo-e, \u00eenlocuind \u00eentr-o anumit\u0103 m\u0103sur\u0103 culorile tradi\u021bionale japoneze \u0219i liniile mai pu\u021bin detaliate.<br>\n3. Impactul esteticii occidentale: Conceptele estetice occidentale, cum ar fi romantismul \u0219i realismul, au avut un impact asupra stilului \u0219i temelor ukiyo-e.\n\nArti\u0219tii au \u00eenceput s\u0103 se \u00eendep\u0103rteze de reprezent\u0103rile idealizate \u0219i au \u00eencorporat elemente mai realiste \u00een lucr\u0103rile lor.<\/p>\n<p style=\"text-align: justify;\">Arti\u0219tii Ukiyo-e \u0219i-au adaptat tehnicile tradi\u021bionale pentru a include influen\u021be occidentale. Aceast\u0103 combina\u021bie le-a permis arti\u0219tilor s\u0103 abordeze teme noi \u0219i s\u0103 exprime \u00een mod creativ schimb\u0103rile din societatea lor. Ei au \u00eenceput s\u0103 picteze peisaje europene \u0219i s\u0103 \u00eencorporeze figuri \u00eembr\u0103cate occidental \u00een lucr\u0103rile lor, reflect\u00e2nd deschiderea Japoniei c\u0103tre lumea exterioar\u0103.<\/p>\n\n\t\t<\/div>\n\t<\/div>\n<\/div><\/div><div class=\"vc_column_container col-md-2\"><div class=\"wpb_wrapper vc_column-inner\"><\/div><\/div><\/div>\n<\/div>","protected":false},"excerpt":{"rendered":"History of the Meiji Era The Meiji era was a period of transformation and innovation in Japan, and Ukiyo-e art (begun in the Edo period) was no exception. This traditional form of etching underwent substantial modifications to reflect the radical changes in Japanese society. In this case, we are referring to: The introduction of Western [...]","protected":false},"author":1,"featured_media":0,"parent":307,"menu_order":0,"comment_status":"closed","ping_status":"closed","template":"","meta":{"footnotes":""},"class_list":["post-1779","page","type-page","status-publish","hentry"],"_links":{"self":[{"href":"https:\/\/gs-art.ro\/ro\/wp-json\/wp\/v2\/pages\/1779","targetHints":{"allow":["GET"]}}],"collection":[{"href":"https:\/\/gs-art.ro\/ro\/wp-json\/wp\/v2\/pages"}],"about":[{"href":"https:\/\/gs-art.ro\/ro\/wp-json\/wp\/v2\/types\/page"}],"author":[{"embeddable":true,"href":"https:\/\/gs-art.ro\/ro\/wp-json\/wp\/v2\/users\/1"}],"replies":[{"embeddable":true,"href":"https:\/\/gs-art.ro\/ro\/wp-json\/wp\/v2\/comments?post=1779"}],"version-history":[{"count":23,"href":"https:\/\/gs-art.ro\/ro\/wp-json\/wp\/v2\/pages\/1779\/revisions"}],"predecessor-version":[{"id":2273,"href":"https:\/\/gs-art.ro\/ro\/wp-json\/wp\/v2\/pages\/1779\/revisions\/2273"}],"up":[{"embeddable":true,"href":"https:\/\/gs-art.ro\/ro\/wp-json\/wp\/v2\/pages\/307"}],"wp:attachment":[{"href":"https:\/\/gs-art.ro\/ro\/wp-json\/wp\/v2\/media?parent=1779"}],"curies":[{"name":"wp","href":"https:\/\/api.w.org\/{rel}","templated":true}]}}