{"id":2431,"date":"2024-08-19T20:31:33","date_gmt":"2024-08-19T17:31:33","guid":{"rendered":"https:\/\/gs-art.ro\/?page_id=2431"},"modified":"2024-09-03T19:03:19","modified_gmt":"2024-09-03T16:03:19","slug":"exhibition-catalogues","status":"publish","type":"page","link":"https:\/\/gs-art.ro\/ro\/exhibition-catalogues\/","title":{"rendered":"Cataloage"},"content":{"rendered":"<div class=\"wpb-content-wrapper\"><div class=\"vc_row wpb_row row top-row\"><div class=\"vc_column_container col-md-2\"><div class=\"wpb_wrapper vc_column-inner\"><\/div><\/div><div class=\"vc_column_container col-md-8\"><div class=\"wpb_wrapper vc_column-inner\">\n\t<div class=\"wpb_text_column wpb_content_element\" >\n\t\t<div class=\"wpb_wrapper\">\n\t\t\t<p style=\"text-align: justify;\"><span style=\"font-size: 18px;\">Bun venit pe pagina Cataloagelor de Expozi\u021bie! Fiecare catalog este prezentat individual, av\u00e2nd forma final\u0103, astfel cum a fost tip\u0103rit de c\u0103tre editur\u0103. Face\u021bi clic pe catalogul dorit pentru a fi direc\u021bionat astfel \u00eenc\u00e2t s\u0103 pute\u021bi vizualiza catalogul la rezolu\u021bia \u0219i dimensiunea optim\u0103.<\/span><\/p>\n<p style=\"text-align: justify;\"><span style=\"font-size: 18px;\">Ave\u021bi, de asemenea, posibilitatea de a desc\u0103rca o copie \u00een format pdf a catalogului dorit, acces\u00e2nd func\u021bia din partea st\u00e2nga sus atunci c\u00e2nd vizualiza\u021bi catalogul.<\/span><\/p>\n<p><span style=\"font-size: 18px;\">Aceast\u0103 sec\u021biune va fi actualizat\u0103 constant, prin urmare v\u0103 vom \u021bine la curent atunci c\u00e2nd ad\u0103ug\u0103m noi cataloage.<\/span><\/p>\n<p style=\"text-align: left;\"><span style=\"font-size: 18px;\">Vizionare pl\u0103cut\u0103!<\/span><\/p>\n\n\t\t<\/div>\n\t<\/div>\n<\/div><\/div><div class=\"vc_column_container col-md-2\"><div class=\"wpb_wrapper vc_column-inner\"><\/div><\/div><\/div><div class=\"vc_row wpb_row row top-row vc_column-gap-25 vc_row-o-content-top vc_row-flex\"><div class=\"vc_column_container col-md-2\"><div class=\"wpb_wrapper vc_column-inner\"><\/div><\/div><div class=\"vc_column_container col-md-3 text-left\"><div class=\"wpb_wrapper vc_column-inner\">\n\t<div class=\"wpb_raw_code wpb_content_element wpb_raw_html\" >\n\t\t<div class=\"wpb_wrapper\">\n\t\t\t<link rel=\"stylesheet\" href=\"https:\/\/cdnc.heyzine.com\/release\/heyzine.3.css\" as=\"style\" onload=\"this.onload=null;this.rel='stylesheet'\"> <div class=\"heyzine-fold  fp-w fp-fh\" style=\"width: 100%; max-width: 244px; min-height: 220px; height: 313px;\"><img decoding=\"async\" src=\"https:\/\/cdnc.heyzine.com\/flip-book\/cover\/147640409e.jpg\" class=\"img-front fp-thumb\"> <div class=\"heyzine-fold-caption\"><div><h2 class=\"fp-title\"><\/h2><\/div> <div><p class=\"fp-subtitle\"><\/p> <div class=\"heyzine-curl\"><\/div><\/div> <a href=\"https:\/\/heyzine.com\/flip-book\/147640409e.html\" target=\"_BLANK\" class=\"fp-link\"><\/a><\/div><\/div>\n\t\t<\/div>\n\t<\/div>\n\n\t<div class=\"wpb_text_column wpb_content_element\" >\n\t\t<div class=\"wpb_wrapper\">\n\t\t\t<p style=\"text-align: left;\"><em><strong><span style=\"font-size: 17px;\">Samurai \u00een arta Ukiyo-e<\/span><\/strong><\/em><br \/>\n<span style=\"font-size: 17px;\">Muzeul Na\u021bional Brukenthal<\/span><\/p>\n<p style=\"text-align: left;\"><span style=\"font-size: 17px;\">Sibiu<\/span><br \/>\n<span style=\"font-size: 17px;\">2024<\/span><\/p>\n\n\t\t<\/div>\n\t<\/div>\n<\/div><\/div><div class=\"vc_column_container col-md-3\"><div class=\"wpb_wrapper vc_column-inner\">\n\t<div class=\"wpb_raw_code wpb_content_element wpb_raw_html\" >\n\t\t<div class=\"wpb_wrapper\">\n\t\t\t<link rel=\"stylesheet\" href=\"https:\/\/cdnc.heyzine.com\/release\/heyzine.3.css\" as=\"style\" onload=\"this.onload=null;this.rel='stylesheet'\"> <div class=\"heyzine-fold  fp-w fp-fh\" style=\"width: 100%; max-width: 244px; min-height: 220px; height: 313px;\"><img decoding=\"async\" src=\"https:\/\/cdnc.heyzine.com\/flip-book\/cover\/dfda3b7393.jpg\" class=\"img-front fp-thumb\"> <div class=\"heyzine-fold-caption\"><div><h2 class=\"fp-title\"><\/h2><\/div> <div><p class=\"fp-subtitle\"><\/p> <div class=\"heyzine-curl\"><\/div><\/div> <a href=\"https:\/\/heyzine.com\/flip-book\/dfda3b7393.html\" target=\"_BLANK\" class=\"fp-link\"><\/a><\/div><\/div>\n\t\t<\/div>\n\t<\/div>\n\n\t<div class=\"wpb_text_column wpb_content_element\" >\n\t\t<div class=\"wpb_wrapper\">\n\t\t\t<p style=\"text-align: left;\"><em><strong><span style=\"font-size: 17px;\">Sacru \u0219i Profan \u00een gravura european\u0103<\/span><\/strong><\/em><br \/>\n<span style=\"font-size: 17px;\">Muzeul Municipal Regina Maria din Ia\u0219i<\/span><\/p>\n<p style=\"text-align: left;\"><span style=\"font-size: 17px;\">Iasi<\/span><br \/>\n<span style=\"font-size: 17px;\">2023<\/span><\/p>\n\n\t\t<\/div>\n\t<\/div>\n<\/div><\/div><div class=\"vc_column_container col-md-3\"><div class=\"wpb_wrapper vc_column-inner\">\n\t<div class=\"wpb_raw_code wpb_content_element wpb_raw_html\" >\n\t\t<div class=\"wpb_wrapper\">\n\t\t\t<link rel=\"stylesheet\" href=\"https:\/\/cdnc.heyzine.com\/release\/heyzine.3.css\" as=\"style\" onload=\"this.onload=null;this.rel='stylesheet'\"> <div class=\"heyzine-fold  fp-w fp-fh\" style=\"width: 100%; max-width: 244px; min-height: 220px; height: 313px;\"><img decoding=\"async\" src=\"https:\/\/cdnc.heyzine.com\/flip-book\/cover\/2d1fa1a4a2.jpg\" class=\"img-front fp-thumb\"> <div class=\"heyzine-fold-caption\"><div><h2 class=\"fp-title\"><\/h2><\/div> <div><p class=\"fp-subtitle\"><\/p> <div class=\"heyzine-curl\"><\/div><\/div> <a href=\"https:\/\/heyzine.com\/flip-book\/2d1fa1a4a2.html\" target=\"_BLANK\" class=\"fp-link\"><\/a><\/div><\/div>\n\t\t<\/div>\n\t<\/div>\n\n\t<div class=\"wpb_text_column wpb_content_element\" >\n\t\t<div class=\"wpb_wrapper\">\n\t\t\t<p style=\"text-align: left;\"><em><strong><span style=\"font-size: 17px;\">Goya - 275 de ani de la na\u0219tere<\/span><\/strong><\/em><br \/>\n<span style=\"font-size: 17px;\">Muzeul Municipal Regina Maria din Ia\u0219i<\/span><\/p>\n<p style=\"text-align: left;\"><span style=\"font-size: 17px;\">Iasi<\/span><br \/>\n<span style=\"font-size: 17px;\">2021<\/span><\/p>\n\n\t\t<\/div>\n\t<\/div>\n<\/div><\/div><\/div><div class=\"vc_row wpb_row row top-row vc_column-gap-25 vc_row-o-content-top vc_row-flex\"><div class=\"vc_column_container col-md-2\"><div class=\"wpb_wrapper vc_column-inner\"><\/div><\/div><div class=\"vc_column_container col-md-3 text-left\"><div class=\"wpb_wrapper vc_column-inner\">\n\t<div class=\"wpb_raw_code wpb_content_element wpb_raw_html\" >\n\t\t<div class=\"wpb_wrapper\">\n\t\t\t<link rel=\"stylesheet\" href=\"https:\/\/cdnc.heyzine.com\/release\/heyzine.3.css\" as=\"style\" onload=\"this.onload=null;this.rel='stylesheet'\"> <div class=\"heyzine-fold  fp-w fp-fh\" style=\"width: 100%; max-width: 244px; min-height: 220px; height: 313px;\"><img decoding=\"async\" src=\"https:\/\/cdnc.heyzine.com\/flip-book\/cover\/d7b6d46a77.jpg\" class=\"img-front fp-thumb\"> <div class=\"heyzine-fold-caption\"><div><h2 class=\"fp-title\"><\/h2><\/div> <div><p class=\"fp-subtitle\"><\/p> <div class=\"heyzine-curl\"><\/div><\/div> <a href=\"https:\/\/heyzine.com\/flip-book\/d7b6d46a77.html\" target=\"_BLANK\" class=\"fp-link\"><\/a><\/div><\/div>\n\t\t<\/div>\n\t<\/div>\n\n\t<div class=\"wpb_text_column wpb_content_element\" >\n\t\t<div class=\"wpb_wrapper\">\n\t\t\t<p style=\"text-align: left;\"><em><strong><span style=\"font-size: 17px;\">3 secole Brukenthal \nArt\u0103 European\u0103 1500 - 1800<\/span><\/strong><\/em><br \/>\n<span style=\"font-size: 17px;\">Muzeul Na\u021bional Brukenthal<\/span><\/p>\n<p style=\"text-align: left;\"><span style=\"font-size: 17px;\">Sibiu<\/span><br \/>\n<span style=\"font-size: 17px;\">2021<\/span><\/p>\n\n\t\t<\/div>\n\t<\/div>\n<\/div><\/div><div class=\"vc_column_container col-md-3\"><div class=\"wpb_wrapper vc_column-inner\"><\/div><\/div><div class=\"vc_column_container col-md-3\"><div class=\"wpb_wrapper vc_column-inner\"><\/div><\/div><\/div>\n<\/div>","protected":false},"excerpt":{"rendered":"Welcome to the Exhibition Catalogues page! Each catalogue is presented individually in its final form, as printed by the publisher. Click on the catalogue of your choice and you will be redirected externally so that you can view the catalogue at the optimal resolution and size. You also have the option to download a pdf [...]","protected":false},"author":1,"featured_media":0,"parent":0,"menu_order":0,"comment_status":"closed","ping_status":"closed","template":"","meta":{"footnotes":""},"class_list":["post-2431","page","type-page","status-publish","hentry"],"_links":{"self":[{"href":"https:\/\/gs-art.ro\/ro\/wp-json\/wp\/v2\/pages\/2431","targetHints":{"allow":["GET"]}}],"collection":[{"href":"https:\/\/gs-art.ro\/ro\/wp-json\/wp\/v2\/pages"}],"about":[{"href":"https:\/\/gs-art.ro\/ro\/wp-json\/wp\/v2\/types\/page"}],"author":[{"embeddable":true,"href":"https:\/\/gs-art.ro\/ro\/wp-json\/wp\/v2\/users\/1"}],"replies":[{"embeddable":true,"href":"https:\/\/gs-art.ro\/ro\/wp-json\/wp\/v2\/comments?post=2431"}],"version-history":[{"count":40,"href":"https:\/\/gs-art.ro\/ro\/wp-json\/wp\/v2\/pages\/2431\/revisions"}],"predecessor-version":[{"id":2530,"href":"https:\/\/gs-art.ro\/ro\/wp-json\/wp\/v2\/pages\/2431\/revisions\/2530"}],"wp:attachment":[{"href":"https:\/\/gs-art.ro\/ro\/wp-json\/wp\/v2\/media?parent=2431"}],"curies":[{"name":"wp","href":"https:\/\/api.w.org\/{rel}","templated":true}]}}