{"id":2536,"date":"2025-09-28T20:55:32","date_gmt":"2025-09-28T17:55:32","guid":{"rendered":"https:\/\/gs-art.ro\/?page_id=2536"},"modified":"2025-10-14T11:27:45","modified_gmt":"2025-10-14T08:27:45","slug":"bijin-ga-female-figures-in-japanese-art","status":"publish","type":"page","link":"https:\/\/gs-art.ro\/ro\/physical-exhibitions\/bijin-ga-female-figures-in-japanese-art\/","title":{"rendered":"Bijin-ga &#8211; Female Figures in Japanese Art"},"content":{"rendered":"<div class=\"wpb-content-wrapper\"><div class=\"vc_row wpb_row row top-row\"><div class=\"vc_column_container col-md-2\"><div class=\"wpb_wrapper vc_column-inner\"><\/div><\/div><div class=\"vc_column_container col-md-8\"><div class=\"wpb_wrapper vc_column-inner\">\n\t<div class=\"wpb_text_column wpb_content_element\" >\n\t\t<div class=\"wpb_wrapper\">\n\t\t\t<p>Aceast\u0103 expozi\u021bie a fost deschis\u0103 la Muzeul Na\u021bional Constantin Br\u00e2ncu\u0219i \u00een perioada 15.03.2025 - 07.05.2025. Ea prezint\u0103 gravuri originale japoneze Bijin-ga (\u7f8e\u4eba\u753b, \u201eimagini cu femei frumoase\u201d) din colec\u021bia avocatului George \u0218erban. Curatoriat\u0103 de Anamaria Grigor \u0219i Anne-Marie Lolea, expozi\u021bia exploreaz\u0103 unul dintre cele mai \u00eendr\u0103gite genuri de ukiyo-e, reprezent\u00e2nd portrete ale frumuse\u021bilor vremii.<\/p>\n<p>Organizat\u0103 \u00een parteneriat cu Ambasada Japoniei \u00een Rom\u00e2nia, Muzeul Na\u021bional Brukenthal \u0219i \u0218erban &amp; Asocia\u021bii, expozi\u021bia invit\u0103 vizitatorii s\u0103 descopere elegan\u021ba \u0219i rafinamentul gravurii japoneze.<\/p>\n<p>Iat\u0103 c\u00e2teva fotografii f\u0103cute la deschiderea expozi\u021biei.<\/p>\n<p>Vizionare pl\u0103cut\u0103!<\/p>\n\n\t\t<\/div>\n\t<\/div>\n<\/div><\/div><div class=\"vc_column_container col-md-2\"><div class=\"wpb_wrapper vc_column-inner\"><\/div><\/div><\/div><div class=\"vc_row wpb_row row top-row\"><div class=\"vc_column_container col-md-12\"><div class=\"wpb_wrapper vc_column-inner\">\n<div class=\"vc-zigzag-wrapper vc-zigzag-align-center\"><div class=\"vc-zigzag-inner\" style=\"width: 100%;min-height: 14px;background: 0 repeat-x url(&#039;data:image\/svg+xml;utf-8,%3C%3Fxml%20version%3D%221.0%22%20encoding%3D%22utf-8%22%3F%3E%3C%21DOCTYPE%20svg%20PUBLIC%20%22-%2F%2FW3C%2F%2FDTD%20SVG%201.1%2F%2FEN%22%20%22http%3A%2F%2Fwww.w3.org%2FGraphics%2FSVG%2F1.1%2FDTD%2Fsvg11.dtd%22%3E%3Csvg%20width%3D%2214px%22%20height%3D%2212px%22%20viewBox%3D%220%200%2018%2015%22%20version%3D%221.1%22%20xmlns%3D%22http%3A%2F%2Fwww.w3.org%2F2000%2Fsvg%22%20xmlns%3Axlink%3D%22http%3A%2F%2Fwww.w3.org%2F1999%2Fxlink%22%3E%3Cpolygon%20id%3D%22Combined-Shape%22%20fill%3D%22%23ebebeb%22%20points%3D%228.98762301%200%200%209.12771969%200%2014.519983%209%205.40479869%2018%2014.519983%2018%209.12771969%22%3E%3C%2Fpolygon%3E%3C%2Fsvg%3E&#039;);\"><\/div><\/div>\r\n\t<div class=\"wpb_single_image wpb_content_element vc_align_center\">\r\n\t\t<div class=\"wpb_wrapper\">\r\n\t\t\t\r\n\t\t\t<div class=\"vc_single_image-wrapper vc_box_shadow_border  vc_box_border_grey\"><img loading=\"lazy\" decoding=\"async\" class=\"vc_single_image-img\" src=\"https:\/\/gs-art.ro\/wp-content\/uploads\/2025\/09\/1-325x450.jpg\" width=\"325\" height=\"450\" alt=\"1\" title=\"1\" \/><\/div>\r\n\t\t<\/div>\r\n\t<\/div>\r\n\n<div class=\"vc-zigzag-wrapper vc-zigzag-align-center\"><div class=\"vc-zigzag-inner\" style=\"width: 100%;min-height: 14px;background: 0 repeat-x url(&#039;data:image\/svg+xml;utf-8,%3C%3Fxml%20version%3D%221.0%22%20encoding%3D%22utf-8%22%3F%3E%3C%21DOCTYPE%20svg%20PUBLIC%20%22-%2F%2FW3C%2F%2FDTD%20SVG%201.1%2F%2FEN%22%20%22http%3A%2F%2Fwww.w3.org%2FGraphics%2FSVG%2F1.1%2FDTD%2Fsvg11.dtd%22%3E%3Csvg%20width%3D%2214px%22%20height%3D%2212px%22%20viewBox%3D%220%200%2018%2015%22%20version%3D%221.1%22%20xmlns%3D%22http%3A%2F%2Fwww.w3.org%2F2000%2Fsvg%22%20xmlns%3Axlink%3D%22http%3A%2F%2Fwww.w3.org%2F1999%2Fxlink%22%3E%3Cpolygon%20id%3D%22Combined-Shape%22%20fill%3D%22%23ebebeb%22%20points%3D%228.98762301%200%200%209.12771969%200%2014.519983%209%205.40479869%2018%2014.519983%2018%209.12771969%22%3E%3C%2Fpolygon%3E%3C%2Fsvg%3E&#039;);\"><\/div><\/div><\/div><\/div><\/div><div class=\"vc_row wpb_row row top-row\"><div class=\"vc_column_container col-md-12\"><div class=\"wpb_wrapper vc_column-inner\"><div class=\"vc_empty_space\"   style=\"height: 16px\"><span class=\"vc_empty_space_inner\"><\/span><\/div>\n\t<div class=\"wpb_raw_code wpb_content_element wpb_raw_html\" >\n\t\t<div class=\"wpb_wrapper\">\n\t\t\t<style>#jtg-2541 .modula-item .jtg-social a, .lightbox-socials.jtg-social a{ fill: #ffffff; color: #ffffff }#jtg-2541 .modula-item .jtg-social-mobile a{ fill: #ffffff; color: #ffffff }#jtg-2541 .modula-item .jtg-social svg, .lightbox-socials.jtg-social svg { height: 16px; width: 16px }#jtg-2541 .modula-item .jtg-social-mobile svg { height: 16px; width: 16px }#jtg-2541 .modula-item .jtg-social a:not(:last-child), .lightbox-socials.jtg-social a:not(:last-child) { margin-right: 10px }#jtg-2541 .modula-item .jtg-social-mobile .jtg-social-mobile-icons a:not(:last-child){ margin-right: 10px }#jtg-2541 .modula-item .figc {color:#ffffff;}#jtg-2541 .modula-item .figc .jtg-title {  font-size: 16px; }#jtg-2541 .modula-item .modula-item-content { transform: scale(1) }#jtg-2541 { width:100%;}#jtg-2541 .modula-items{height:800px;}@media screen and (max-width: 992px) {#jtg-2541 .modula-items{height:800px;}}@media screen and (max-width: 768px) {#jtg-2541 .modula-items{height:800px;}}#jtg-2541 .modula-items .figc p.description { font-size:14px; }#jtg-2541 .modula-items .figc p.description { color:#ffffff;}#jtg-2541 .modula-items .figc .jtg-title { color:#ffffff; }#jtg-2541.modula-gallery .modula-item > a, #jtg-2541.modula-gallery .modula-item, #jtg-2541.modula-gallery .modula-item-content > a:not(.modula-no-follow) { cursor:zoom-in; } #jtg-2541.modula-gallery .modula-item-content .modula-no-follow { cursor: default; } @media screen and (max-width:480px){#jtg-2541 .modula-item .figc .jtg-title {  font-size: 12px; }#jtg-2541 .modula-items .figc p.description { color:#ffffff;font-size:10px; }}<\/style>\n<!-- Gallery Container -->\n<div  id=\"jtg-2541\" class=\"modula modula-gallery modula-creative-gallery\" data-config=\"{&quot;height&quot;:800,&quot;tabletHeight&quot;:800,&quot;mobileHeight&quot;:800,&quot;desktopHeight&quot;:800,&quot;enableTwitter&quot;:false,&quot;enableWhatsapp&quot;:false,&quot;enableFacebook&quot;:false,&quot;enablePinterest&quot;:false,&quot;enableLinkedin&quot;:false,&quot;enableEmail&quot;:false,&quot;randomFactor&quot;:0.5,&quot;type&quot;:&quot;creative-gallery&quot;,&quot;columns&quot;:12,&quot;gutter&quot;:10,&quot;mobileGutter&quot;:10,&quot;tabletGutter&quot;:10,&quot;desktopGutter&quot;:10,&quot;enableResponsive&quot;:&quot;0&quot;,&quot;tabletColumns&quot;:2,&quot;mobileColumns&quot;:1,&quot;lazyLoad&quot;:true,&quot;lightboxOpts&quot;:{&quot;animated&quot;:true,&quot;Thumbs&quot;:{&quot;type&quot;:&quot;modern&quot;,&quot;showOnStart&quot;:false},&quot;Toolbar&quot;:{&quot;display&quot;:{&quot;right&quot;:[&quot;close&quot;]},&quot;enabled&quot;:true},&quot;Carousel&quot;:{&quot;Panzoom&quot;:{&quot;touch&quot;:false},&quot;infinite&quot;:false},&quot;keyboard&quot;:{&quot;Escape&quot;:&quot;close&quot;,&quot;Delete&quot;:&quot;close&quot;,&quot;Backspace&quot;:&quot;close&quot;,&quot;PageUp&quot;:false,&quot;PageDown&quot;:false,&quot;ArrowUp&quot;:false,&quot;ArrowDown&quot;:false,&quot;ArrowRight&quot;:false,&quot;ArrowLeft&quot;:false},&quot;touch&quot;:false,&quot;backdropClick&quot;:false,&quot;l10n&quot;:{&quot;CLOSE&quot;:&quot;Close&quot;,&quot;NEXT&quot;:&quot;Next&quot;,&quot;PREV&quot;:&quot;Previous&quot;,&quot;Error&quot;:&quot;The requested content cannot be loaded. Please try again later.&quot;,&quot;PLAY_START&quot;:&quot;Start slideshow&quot;,&quot;PLAY_STOP&quot;:&quot;Pause slideshow&quot;,&quot;FULL_SCREEN&quot;:&quot;Full screen&quot;,&quot;THUMBS&quot;:&quot;Thumbnails&quot;,&quot;DOWNLOAD&quot;:&quot;Download&quot;,&quot;SHARE&quot;:&quot;Share&quot;,&quot;ZOOM&quot;:&quot;Zoom&quot;,&quot;EMAIL&quot;:&quot;Here is the link to the image : %%image_link%% and this is the link to the gallery : %%gallery_link%%&quot;,&quot;MODAL&quot;:&quot;You can close this modal content with the ESC key&quot;,&quot;ERROR&quot;:&quot;Something Went Wrong, Please Try Again Later&quot;,&quot;IMAGE_ERROR&quot;:&quot;Image Not Found&quot;,&quot;ELEMENT_NOT_FOUND&quot;:&quot;HTML Element Not Found&quot;,&quot;AJAX_NOT_FOUND&quot;:&quot;Error Loading AJAX : Not Found&quot;,&quot;AJAX_FORBIDDEN&quot;:&quot;Error Loading AJAX : Forbidden&quot;,&quot;IFRAME_ERROR&quot;:&quot;Error Loading Page&quot;,&quot;TOGGLE_ZOOM&quot;:&quot;Toggle zoom level&quot;,&quot;TOGGLE_THUMBS&quot;:&quot;Toggle thumbnails&quot;,&quot;TOGGLE_SLIDESHOW&quot;:&quot;Toggle slideshow&quot;,&quot;TOGGLE_FULLSCREEN&quot;:&quot;Toggle full-screen mode&quot;},&quot;Images&quot;:{&quot;Panzoom&quot;:{&quot;maxScale&quot;:2}},&quot;mainClass&quot;:&quot;modula-fancybox-container modula-lightbox-jtg-2541&quot;,&quot;Html&quot;:{&quot;videoAutoplay&quot;:0,&quot;videoTpl&quot;:&quot;&lt;video class=\\&quot;fancybox__html5video\\&quot; controls muted playsinline controlsList controlsList=\\&quot;nodownload\\&quot; poster=\\&quot;{{poster}}\\&quot; src=\\&quot;{{src}}\\&quot; type=\\&quot;{{format}}\\&quot; &gt;  Sorry, your browser doesn&#039;t support embedded videos, &lt;a href=\\&quot;{{src}}\\&quot;&gt; download &lt;\\\/a&gt; and watch with your favorite video player! &lt;\\\/video&gt;&quot;}},&quot;inView&quot;:false,&quot;email_subject&quot;:&quot;Check out this awesome image !!&quot;,&quot;email_message&quot;:&quot;Here is the link to the image : %%image_link%% and this is the link to the gallery : %%gallery_link%%&quot;,&quot;lightbox&quot;:&quot;fancybox&quot;}\">\n\n\t\n\t<!-- Items Container -->\n\t<div  class=\"modula-items\">\n\t\t<div class=\"modula-item effect-pufrobo\" >\n\t<div class=\"modula-item-overlay\"><\/div>\n\n\t<div class=\"modula-item-content\">\n\n\t\t\t\t\n\t\t\t\t\t<a data-image-id=\"2542\" data-elementor-open-lightbox=\"no\" tabindex=\"0\" rel=\"jtg-2541\" data-caption=\"\" aria-label=\"Open image in lightbox\" role=\"button\" class=\"tile-inner modula-item-link\"><\/a>\n\t\t\n\t\t<img fetchpriority=\"high\" class=\"pic wp-image-2542 lazyload\"  data-valign=\"middle\" data-halign=\"center\" alt=\"\" data-full=\"https:\/\/gs-art.ro\/wp-content\/uploads\/2025\/09\/494139743_1210777341053862_1595928107093659974_n.jpg\" title=\"494139743_1210777341053862_1595928107093659974_n\" width=\"228\" height=\"270\" data-src=\"https:\/\/gs-art.ro\/wp-content\/uploads\/2025\/09\/494139743_1210777341053862_1595928107093659974_n-228x270.jpg\" data-caption=\"\" data-source=\"modula\"\/>\n\t\t<div class=\"figc no-description\">\n\t\t\t<div class=\"figc-inner\">\n\t\t\t\t\t\t\t\t\t\t\t\t\t\t\t<\/div>\n\t\t<\/div>\n\n\t<\/div>\n\n<\/div><div class=\"modula-item effect-pufrobo\" >\n\t<div class=\"modula-item-overlay\"><\/div>\n\n\t<div class=\"modula-item-content\">\n\n\t\t\t\t\n\t\t\t\t\t<a data-image-id=\"2543\" data-elementor-open-lightbox=\"no\" tabindex=\"0\" rel=\"jtg-2541\" data-caption=\"\" aria-label=\"Open image in lightbox\" role=\"button\" class=\"tile-inner modula-item-link\"><\/a>\n\t\t\n\t\t<img class=\"pic wp-image-2543 lazyload\"  data-valign=\"middle\" data-halign=\"center\" alt=\"\" data-full=\"https:\/\/gs-art.ro\/wp-content\/uploads\/2025\/09\/494163329_1210776947720568_3866750410404115543_n.jpg\" title=\"494163329_1210776947720568_3866750410404115543_n\" width=\"270\" height=\"254\" data-src=\"https:\/\/gs-art.ro\/wp-content\/uploads\/2025\/09\/494163329_1210776947720568_3866750410404115543_n-270x254.jpg\" data-caption=\"\" data-source=\"modula\"\/>\n\t\t<div class=\"figc no-description\">\n\t\t\t<div class=\"figc-inner\">\n\t\t\t\t\t\t\t\t\t\t\t\t\t\t\t<\/div>\n\t\t<\/div>\n\n\t<\/div>\n\n<\/div><div class=\"modula-item effect-pufrobo\" >\n\t<div class=\"modula-item-overlay\"><\/div>\n\n\t<div class=\"modula-item-content\">\n\n\t\t\t\t\n\t\t\t\t\t<a data-image-id=\"2544\" data-elementor-open-lightbox=\"no\" tabindex=\"0\" rel=\"jtg-2541\" data-caption=\"\" aria-label=\"Open image in lightbox\" role=\"button\" class=\"tile-inner modula-item-link\"><\/a>\n\t\t\n\t\t<img class=\"pic wp-image-2544 lazyload\"  data-valign=\"middle\" data-halign=\"center\" alt=\"\" data-full=\"https:\/\/gs-art.ro\/wp-content\/uploads\/2025\/09\/494222066_1210777037720559_5636979509990922389_n.jpg\" title=\"494222066_1210777037720559_5636979509990922389_n\" width=\"201\" height=\"270\" data-src=\"https:\/\/gs-art.ro\/wp-content\/uploads\/2025\/09\/494222066_1210777037720559_5636979509990922389_n-201x270.jpg\" data-caption=\"\" data-source=\"modula\"\/>\n\t\t<div class=\"figc no-description\">\n\t\t\t<div class=\"figc-inner\">\n\t\t\t\t\t\t\t\t\t\t\t\t\t\t\t<\/div>\n\t\t<\/div>\n\n\t<\/div>\n\n<\/div><div class=\"modula-item effect-pufrobo\" >\n\t<div class=\"modula-item-overlay\"><\/div>\n\n\t<div class=\"modula-item-content\">\n\n\t\t\t\t\n\t\t\t\t\t<a data-image-id=\"2546\" data-elementor-open-lightbox=\"no\" tabindex=\"0\" rel=\"jtg-2541\" data-caption=\"\" aria-label=\"Open image in lightbox\" role=\"button\" class=\"tile-inner modula-item-link\"><\/a>\n\t\t\n\t\t<img loading=\"lazy\" class=\"pic wp-image-2546 lazyload\"  data-valign=\"middle\" data-halign=\"center\" alt=\"\" data-full=\"https:\/\/gs-art.ro\/wp-content\/uploads\/2025\/09\/494539418_1210777301053866_7640936373161472518_n.jpg\" title=\"494539418_1210777301053866_7640936373161472518_n\" width=\"203\" height=\"270\" data-src=\"https:\/\/gs-art.ro\/wp-content\/uploads\/2025\/09\/494539418_1210777301053866_7640936373161472518_n-203x270.jpg\" data-caption=\"\" data-source=\"modula\"\/>\n\t\t<div class=\"figc no-description\">\n\t\t\t<div class=\"figc-inner\">\n\t\t\t\t\t\t\t\t\t\t\t\t\t\t\t<\/div>\n\t\t<\/div>\n\n\t<\/div>\n\n<\/div><div class=\"modula-item effect-pufrobo\" >\n\t<div class=\"modula-item-overlay\"><\/div>\n\n\t<div class=\"modula-item-content\">\n\n\t\t\t\t\n\t\t\t\t\t<a data-image-id=\"2556\" data-elementor-open-lightbox=\"no\" tabindex=\"0\" rel=\"jtg-2541\" data-caption=\"\" aria-label=\"Open image in lightbox\" role=\"button\" class=\"tile-inner modula-item-link\"><\/a>\n\t\t\n\t\t<img loading=\"lazy\" class=\"pic wp-image-2556 lazyload\"  data-valign=\"middle\" data-halign=\"center\" alt=\"\" data-full=\"https:\/\/gs-art.ro\/wp-content\/uploads\/2025\/09\/493901983_1210777214387208_724666827452446159_n.jpg\" title=\"493901983_1210777214387208_724666827452446159_n\" width=\"270\" height=\"203\" data-src=\"https:\/\/gs-art.ro\/wp-content\/uploads\/2025\/09\/493901983_1210777214387208_724666827452446159_n-270x203.jpg\" data-caption=\"\" data-source=\"modula\"\/>\n\t\t<div class=\"figc no-description\">\n\t\t\t<div class=\"figc-inner\">\n\t\t\t\t\t\t\t\t\t\t\t\t\t\t\t<\/div>\n\t\t<\/div>\n\n\t<\/div>\n\n<\/div><div class=\"modula-item effect-pufrobo\" >\n\t<div class=\"modula-item-overlay\"><\/div>\n\n\t<div class=\"modula-item-content\">\n\n\t\t\t\t\n\t\t\t\t\t<a data-image-id=\"2551\" data-elementor-open-lightbox=\"no\" tabindex=\"0\" rel=\"jtg-2541\" data-caption=\"\" aria-label=\"Open image in lightbox\" role=\"button\" class=\"tile-inner modula-item-link\"><\/a>\n\t\t\n\t\t<img loading=\"lazy\" class=\"pic wp-image-2551 lazyload\"  data-valign=\"middle\" data-halign=\"center\" alt=\"\" data-full=\"https:\/\/gs-art.ro\/wp-content\/uploads\/2025\/09\/504386555_2911501802353165_5806963296769066896_n.jpg\" title=\"504386555_2911501802353165_5806963296769066896_n\" width=\"203\" height=\"270\" data-src=\"https:\/\/gs-art.ro\/wp-content\/uploads\/2025\/09\/504386555_2911501802353165_5806963296769066896_n-203x270.jpg\" data-caption=\"\" data-source=\"modula\"\/>\n\t\t<div class=\"figc no-description\">\n\t\t\t<div class=\"figc-inner\">\n\t\t\t\t\t\t\t\t\t\t\t\t\t\t\t<\/div>\n\t\t<\/div>\n\n\t<\/div>\n\n<\/div><div class=\"modula-item effect-pufrobo\" >\n\t<div class=\"modula-item-overlay\"><\/div>\n\n\t<div class=\"modula-item-content\">\n\n\t\t\t\t\n\t\t\t\t\t<a data-image-id=\"2548\" data-elementor-open-lightbox=\"no\" tabindex=\"0\" rel=\"jtg-2541\" data-caption=\"\" aria-label=\"Open image in lightbox\" role=\"button\" class=\"tile-inner modula-item-link\"><\/a>\n\t\t\n\t\t<img loading=\"lazy\" class=\"pic wp-image-2548 lazyload\"  data-valign=\"middle\" data-halign=\"center\" alt=\"\" data-full=\"https:\/\/gs-art.ro\/wp-content\/uploads\/2025\/09\/494676645_1210776977720565_4718777209071306193_n.jpg\" title=\"494676645_1210776977720565_4718777209071306193_n\" width=\"270\" height=\"152\" data-src=\"https:\/\/gs-art.ro\/wp-content\/uploads\/2025\/09\/494676645_1210776977720565_4718777209071306193_n-270x152.jpg\" data-caption=\"\" data-source=\"modula\"\/>\n\t\t<div class=\"figc no-description\">\n\t\t\t<div class=\"figc-inner\">\n\t\t\t\t\t\t\t\t\t\t\t\t\t\t\t<\/div>\n\t\t<\/div>\n\n\t<\/div>\n\n<\/div><div class=\"modula-item effect-pufrobo\" >\n\t<div class=\"modula-item-overlay\"><\/div>\n\n\t<div class=\"modula-item-content\">\n\n\t\t\t\t\n\t\t\t\t\t<a data-image-id=\"2547\" data-elementor-open-lightbox=\"no\" tabindex=\"0\" rel=\"jtg-2541\" data-caption=\"\" aria-label=\"Open image in lightbox\" role=\"button\" class=\"tile-inner modula-item-link\"><\/a>\n\t\t\n\t\t<img loading=\"lazy\" class=\"pic wp-image-2547 lazyload\"  data-valign=\"middle\" data-halign=\"center\" alt=\"\" data-full=\"https:\/\/gs-art.ro\/wp-content\/uploads\/2025\/09\/494557135_1210777344387195_2609493118425963160_n.jpg\" title=\"494557135_1210777344387195_2609493118425963160_n\" width=\"270\" height=\"230\" data-src=\"https:\/\/gs-art.ro\/wp-content\/uploads\/2025\/09\/494557135_1210777344387195_2609493118425963160_n-270x230.jpg\" data-caption=\"\" data-source=\"modula\"\/>\n\t\t<div class=\"figc no-description\">\n\t\t\t<div class=\"figc-inner\">\n\t\t\t\t\t\t\t\t\t\t\t\t\t\t\t<\/div>\n\t\t<\/div>\n\n\t<\/div>\n\n<\/div><div class=\"modula-item effect-pufrobo\" >\n\t<div class=\"modula-item-overlay\"><\/div>\n\n\t<div class=\"modula-item-content\">\n\n\t\t\t\t\n\t\t\t\t\t<a data-image-id=\"2549\" data-elementor-open-lightbox=\"no\" tabindex=\"0\" rel=\"jtg-2541\" data-caption=\"\" aria-label=\"Open image in lightbox\" role=\"button\" class=\"tile-inner modula-item-link\"><\/a>\n\t\t\n\t\t<img loading=\"lazy\" class=\"pic wp-image-2549 lazyload\"  data-valign=\"middle\" data-halign=\"center\" alt=\"\" data-full=\"https:\/\/gs-art.ro\/wp-content\/uploads\/2025\/09\/494810603_1210776987720564_3035288906561759139_n.jpg\" title=\"494810603_1210776987720564_3035288906561759139_n\" width=\"224\" height=\"270\" data-src=\"https:\/\/gs-art.ro\/wp-content\/uploads\/2025\/09\/494810603_1210776987720564_3035288906561759139_n-224x270.jpg\" data-caption=\"\" data-source=\"modula\"\/>\n\t\t<div class=\"figc no-description\">\n\t\t\t<div class=\"figc-inner\">\n\t\t\t\t\t\t\t\t\t\t\t\t\t\t\t<\/div>\n\t\t<\/div>\n\n\t<\/div>\n\n<\/div><div class=\"modula-item effect-pufrobo\" >\n\t<div class=\"modula-item-overlay\"><\/div>\n\n\t<div class=\"modula-item-content\">\n\n\t\t\t\t\n\t\t\t\t\t<a data-image-id=\"2550\" data-elementor-open-lightbox=\"no\" tabindex=\"0\" rel=\"jtg-2541\" data-caption=\"\" aria-label=\"Open image in lightbox\" role=\"button\" class=\"tile-inner modula-item-link\"><\/a>\n\t\t\n\t\t<img loading=\"lazy\" class=\"pic wp-image-2550 lazyload\"  data-valign=\"middle\" data-halign=\"center\" alt=\"\" data-full=\"https:\/\/gs-art.ro\/wp-content\/uploads\/2025\/09\/504376377_2911502089019803_3156106215374904166_n.jpg\" title=\"504376377_2911502089019803_3156106215374904166_n\" width=\"203\" height=\"270\" data-src=\"https:\/\/gs-art.ro\/wp-content\/uploads\/2025\/09\/504376377_2911502089019803_3156106215374904166_n-203x270.jpg\" data-caption=\"\" data-source=\"modula\"\/>\n\t\t<div class=\"figc no-description\">\n\t\t\t<div class=\"figc-inner\">\n\t\t\t\t\t\t\t\t\t\t\t\t\t\t\t<\/div>\n\t\t<\/div>\n\n\t<\/div>\n\n<\/div><div class=\"modula-item effect-pufrobo\" >\n\t<div class=\"modula-item-overlay\"><\/div>\n\n\t<div class=\"modula-item-content\">\n\n\t\t\t\t\n\t\t\t\t\t<a data-image-id=\"2554\" data-elementor-open-lightbox=\"no\" tabindex=\"0\" rel=\"jtg-2541\" data-caption=\"\" aria-label=\"Open image in lightbox\" role=\"button\" class=\"tile-inner modula-item-link\"><\/a>\n\t\t\n\t\t<img loading=\"lazy\" class=\"pic wp-image-2554 lazyload\"  data-valign=\"middle\" data-halign=\"center\" alt=\"\" data-full=\"https:\/\/gs-art.ro\/wp-content\/uploads\/2025\/09\/504990219_2911502002353145_4012735060037196184_n.jpg\" title=\"504990219_2911502002353145_4012735060037196184_n\" width=\"270\" height=\"203\" data-src=\"https:\/\/gs-art.ro\/wp-content\/uploads\/2025\/09\/504990219_2911502002353145_4012735060037196184_n-270x203.jpg\" data-caption=\"\" data-source=\"modula\"\/>\n\t\t<div class=\"figc no-description\">\n\t\t\t<div class=\"figc-inner\">\n\t\t\t\t\t\t\t\t\t\t\t\t\t\t\t<\/div>\n\t\t<\/div>\n\n\t<\/div>\n\n<\/div><div class=\"modula-item effect-pufrobo\" >\n\t<div class=\"modula-item-overlay\"><\/div>\n\n\t<div class=\"modula-item-content\">\n\n\t\t\t\t\n\t\t\t\t\t<a data-image-id=\"2553\" data-elementor-open-lightbox=\"no\" tabindex=\"0\" rel=\"jtg-2541\" data-caption=\"\" aria-label=\"Open image in lightbox\" role=\"button\" class=\"tile-inner modula-item-link\"><\/a>\n\t\t\n\t\t<img loading=\"lazy\" class=\"pic wp-image-2553 lazyload\"  data-valign=\"middle\" data-halign=\"center\" alt=\"\" data-full=\"https:\/\/gs-art.ro\/wp-content\/uploads\/2025\/09\/504934196_2911502149019797_1758351492191005094_n.jpg\" title=\"504934196_2911502149019797_1758351492191005094_n\" width=\"203\" height=\"270\" data-src=\"https:\/\/gs-art.ro\/wp-content\/uploads\/2025\/09\/504934196_2911502149019797_1758351492191005094_n-203x270.jpg\" data-caption=\"\" data-source=\"modula\"\/>\n\t\t<div class=\"figc no-description\">\n\t\t\t<div class=\"figc-inner\">\n\t\t\t\t\t\t\t\t\t\t\t\t\t\t\t<\/div>\n\t\t<\/div>\n\n\t<\/div>\n\n<\/div><div class=\"modula-item effect-pufrobo\" >\n\t<div class=\"modula-item-overlay\"><\/div>\n\n\t<div class=\"modula-item-content\">\n\n\t\t\t\t\n\t\t\t\t\t<a data-image-id=\"2552\" data-elementor-open-lightbox=\"no\" tabindex=\"0\" rel=\"jtg-2541\" data-caption=\"\" aria-label=\"Open image in lightbox\" role=\"button\" class=\"tile-inner modula-item-link\"><\/a>\n\t\t\n\t\t<img loading=\"lazy\" class=\"pic wp-image-2552 lazyload\"  data-valign=\"middle\" data-halign=\"center\" alt=\"\" data-full=\"https:\/\/gs-art.ro\/wp-content\/uploads\/2025\/09\/504646211_2911501792353166_226164373931584863_n.jpg\" title=\"504646211_2911501792353166_226164373931584863_n\" width=\"203\" height=\"270\" data-src=\"https:\/\/gs-art.ro\/wp-content\/uploads\/2025\/09\/504646211_2911501792353166_226164373931584863_n-203x270.jpg\" data-caption=\"\" data-source=\"modula\"\/>\n\t\t<div class=\"figc no-description\">\n\t\t\t<div class=\"figc-inner\">\n\t\t\t\t\t\t\t\t\t\t\t\t\t\t\t<\/div>\n\t\t<\/div>\n\n\t<\/div>\n\n<\/div><div class=\"modula-item effect-pufrobo\" >\n\t<div class=\"modula-item-overlay\"><\/div>\n\n\t<div class=\"modula-item-content\">\n\n\t\t\t\t\n\t\t\t\t\t<a data-image-id=\"2555\" data-elementor-open-lightbox=\"no\" tabindex=\"0\" rel=\"jtg-2541\" data-caption=\"\" aria-label=\"Open image in lightbox\" role=\"button\" class=\"tile-inner modula-item-link\"><\/a>\n\t\t\n\t\t<img loading=\"lazy\" class=\"pic wp-image-2555 lazyload\"  data-valign=\"middle\" data-halign=\"center\" alt=\"\" data-full=\"https:\/\/gs-art.ro\/wp-content\/uploads\/2025\/09\/493847319_1210777151053881_6300686721222713335_n.jpg\" title=\"493847319_1210777151053881_6300686721222713335_n\" width=\"270\" height=\"218\" data-src=\"https:\/\/gs-art.ro\/wp-content\/uploads\/2025\/09\/493847319_1210777151053881_6300686721222713335_n-270x218.jpg\" data-caption=\"\" data-source=\"modula\"\/>\n\t\t<div class=\"figc no-description\">\n\t\t\t<div class=\"figc-inner\">\n\t\t\t\t\t\t\t\t\t\t\t\t\t\t\t<\/div>\n\t\t<\/div>\n\n\t<\/div>\n\n<\/div><div class=\"modula-item effect-pufrobo\" >\n\t<div class=\"modula-item-overlay\"><\/div>\n\n\t<div class=\"modula-item-content\">\n\n\t\t\t\t\n\t\t\t\t\t<a data-image-id=\"2545\" data-elementor-open-lightbox=\"no\" tabindex=\"0\" rel=\"jtg-2541\" data-caption=\"\" aria-label=\"Open image in lightbox\" role=\"button\" class=\"tile-inner modula-item-link\"><\/a>\n\t\t\n\t\t<img loading=\"lazy\" class=\"pic wp-image-2545 lazyload\"  data-valign=\"middle\" data-halign=\"center\" alt=\"\" data-full=\"https:\/\/gs-art.ro\/wp-content\/uploads\/2025\/09\/494537950_1210777354387194_6938684647484996667_n.jpg\" title=\"494537950_1210777354387194_6938684647484996667_n\" width=\"201\" height=\"270\" data-src=\"https:\/\/gs-art.ro\/wp-content\/uploads\/2025\/09\/494537950_1210777354387194_6938684647484996667_n-201x270.jpg\" data-caption=\"\" data-source=\"modula\"\/>\n\t\t<div class=\"figc no-description\">\n\t\t\t<div class=\"figc-inner\">\n\t\t\t\t\t\t\t\t\t\t\t\t\t\t\t<\/div>\n\t\t<\/div>\n\n\t<\/div>\n\n<\/div>\t\t\n\t<\/div>\n\n\t\n\t\n\t<script type=\"application\/ld+json\">\n\t{\n\t\t\"@context\": \"http:\/\/schema.org\",\n\t\t\"@type\"   : \"ImageGallery\",\n\t\t\"id\"      : \"https:\/\/gs-art.ro\/ro\/physical-exhibitions\/bijin-ga-female-figures-in-japanese-art\/\",\n\t\t\"url\"     : \"https:\/\/gs-art.ro\/ro\/physical-exhibitions\/bijin-ga-female-figures-in-japanese-art\/\"\n\t}\n\n\t<\/script>\n\n\t\n<\/div>\n\t\t<\/div>\n\t<\/div>\n<\/div><\/div><\/div>\n<\/div>","protected":false},"excerpt":{"rendered":"This exhibition was opened at the Constantin Br\u00e2ncu\u0219i National Museum from 15.03.2025 to 07.05.2025 . It features original Japanese Bijin-ga (\u7f8e\u4eba\u753b, \"pictures of beautiful women\") engravings from the collection of lawyer George \u0218erban. Curated by Anamaria Grigor and Anne-Marie Lolea, the exhibition explores one of the most beloved genres of ukiyo-e, representing portraits of the [...]","protected":false},"author":1,"featured_media":0,"parent":835,"menu_order":0,"comment_status":"closed","ping_status":"closed","template":"","meta":{"footnotes":""},"class_list":["post-2536","page","type-page","status-publish","hentry"],"_links":{"self":[{"href":"https:\/\/gs-art.ro\/ro\/wp-json\/wp\/v2\/pages\/2536","targetHints":{"allow":["GET"]}}],"collection":[{"href":"https:\/\/gs-art.ro\/ro\/wp-json\/wp\/v2\/pages"}],"about":[{"href":"https:\/\/gs-art.ro\/ro\/wp-json\/wp\/v2\/types\/page"}],"author":[{"embeddable":true,"href":"https:\/\/gs-art.ro\/ro\/wp-json\/wp\/v2\/users\/1"}],"replies":[{"embeddable":true,"href":"https:\/\/gs-art.ro\/ro\/wp-json\/wp\/v2\/comments?post=2536"}],"version-history":[{"count":5,"href":"https:\/\/gs-art.ro\/ro\/wp-json\/wp\/v2\/pages\/2536\/revisions"}],"predecessor-version":[{"id":2678,"href":"https:\/\/gs-art.ro\/ro\/wp-json\/wp\/v2\/pages\/2536\/revisions\/2678"}],"up":[{"embeddable":true,"href":"https:\/\/gs-art.ro\/ro\/wp-json\/wp\/v2\/pages\/835"}],"wp:attachment":[{"href":"https:\/\/gs-art.ro\/ro\/wp-json\/wp\/v2\/media?parent=2536"}],"curies":[{"name":"wp","href":"https:\/\/api.w.org\/{rel}","templated":true}]}}