{"id":2559,"date":"2025-09-28T22:18:58","date_gmt":"2025-09-28T19:18:58","guid":{"rendered":"https:\/\/gs-art.ro\/?page_id=2559"},"modified":"2025-10-14T11:28:27","modified_gmt":"2025-10-14T08:28:27","slug":"samurai-legendele-japoniei","status":"publish","type":"page","link":"https:\/\/gs-art.ro\/ro\/physical-exhibitions\/samurai-legendele-japoniei\/","title":{"rendered":"SAMURAI \u2013 Legends of Japan"},"content":{"rendered":"<div class=\"wpb-content-wrapper\"><div class=\"vc_row wpb_row row top-row\"><div class=\"vc_column_container col-md-2\"><div class=\"wpb_wrapper vc_column-inner\"><\/div><\/div><div class=\"vc_column_container col-md-8\"><div class=\"wpb_wrapper vc_column-inner\">\n\t<div class=\"wpb_text_column wpb_content_element\" >\n\t\t<div class=\"wpb_wrapper\">\n\t\t\t<p>Expozi\u021bia \u201eSAMURAI \u2013 Legendele Japoniei\u201d, deschis\u0103 la Palatul Braunstein \u0219i curatoriat\u0103 de dr. Alexandru Chitu\u021b\u0103, este dedicat\u0103 a dou\u0103 evenimente speciale: ziua de na\u0219tere a Majest\u0103\u021bii Sale NARUHITO, \u00cemp\u0103ratul Japoniei, \u0219i Ziua Na\u021bional\u0103 a Japoniei.<\/p>\n<p>Organizat\u0103 \u0219i sponsorizat\u0103 de societatea de avocatur\u0103 \u0218erban &amp; Asocia\u021bii, expozi\u021bia prezint\u0103 \u0219i kimonouri create de artista Laura Caraman, oferind vizitatorilor o perspectiv\u0103 unic\u0103 asupra tradi\u021biilor \u0219i figurilor legendare ale Japoniei.<\/p>\n<p>Iat\u0103 c\u00e2teva fotografii f\u0103cute la deschiderea expozi\u021biei.<\/p>\n<p>Vizionare pl\u0103cut\u0103!<\/p>\n\n\t\t<\/div>\n\t<\/div>\n<\/div><\/div><div class=\"vc_column_container col-md-2\"><div class=\"wpb_wrapper vc_column-inner\"><\/div><\/div><\/div><div class=\"vc_row wpb_row row top-row\"><div class=\"vc_column_container col-md-12\"><div class=\"wpb_wrapper vc_column-inner\">\n<div class=\"vc-zigzag-wrapper vc-zigzag-align-center\"><div class=\"vc-zigzag-inner\" style=\"width: 100%;min-height: 14px;background: 0 repeat-x url(&#039;data:image\/svg+xml;utf-8,%3C%3Fxml%20version%3D%221.0%22%20encoding%3D%22utf-8%22%3F%3E%3C%21DOCTYPE%20svg%20PUBLIC%20%22-%2F%2FW3C%2F%2FDTD%20SVG%201.1%2F%2FEN%22%20%22http%3A%2F%2Fwww.w3.org%2FGraphics%2FSVG%2F1.1%2FDTD%2Fsvg11.dtd%22%3E%3Csvg%20width%3D%2214px%22%20height%3D%2212px%22%20viewBox%3D%220%200%2018%2015%22%20version%3D%221.1%22%20xmlns%3D%22http%3A%2F%2Fwww.w3.org%2F2000%2Fsvg%22%20xmlns%3Axlink%3D%22http%3A%2F%2Fwww.w3.org%2F1999%2Fxlink%22%3E%3Cpolygon%20id%3D%22Combined-Shape%22%20fill%3D%22%23ebebeb%22%20points%3D%228.98762301%200%200%209.12771969%200%2014.519983%209%205.40479869%2018%2014.519983%2018%209.12771969%22%3E%3C%2Fpolygon%3E%3C%2Fsvg%3E&#039;);\"><\/div><\/div>\r\n\t<div class=\"wpb_single_image wpb_content_element vc_align_center\">\r\n\t\t<div class=\"wpb_wrapper\">\r\n\t\t\t\r\n\t\t\t<div class=\"vc_single_image-wrapper vc_box_shadow_border  vc_box_border_grey\"><img loading=\"lazy\" decoding=\"async\" class=\"vc_single_image-img\" src=\"https:\/\/gs-art.ro\/wp-content\/uploads\/2025\/09\/504464659_2911414925695186_3184595200721238547_n-325x450.jpg\" width=\"325\" height=\"450\" alt=\"\" title=\"\" \/><\/div>\r\n\t\t<\/div>\r\n\t<\/div>\r\n\n<div class=\"vc-zigzag-wrapper vc-zigzag-align-center\"><div class=\"vc-zigzag-inner\" style=\"width: 100%;min-height: 14px;background: 0 repeat-x url(&#039;data:image\/svg+xml;utf-8,%3C%3Fxml%20version%3D%221.0%22%20encoding%3D%22utf-8%22%3F%3E%3C%21DOCTYPE%20svg%20PUBLIC%20%22-%2F%2FW3C%2F%2FDTD%20SVG%201.1%2F%2FEN%22%20%22http%3A%2F%2Fwww.w3.org%2FGraphics%2FSVG%2F1.1%2FDTD%2Fsvg11.dtd%22%3E%3Csvg%20width%3D%2214px%22%20height%3D%2212px%22%20viewBox%3D%220%200%2018%2015%22%20version%3D%221.1%22%20xmlns%3D%22http%3A%2F%2Fwww.w3.org%2F2000%2Fsvg%22%20xmlns%3Axlink%3D%22http%3A%2F%2Fwww.w3.org%2F1999%2Fxlink%22%3E%3Cpolygon%20id%3D%22Combined-Shape%22%20fill%3D%22%23ebebeb%22%20points%3D%228.98762301%200%200%209.12771969%200%2014.519983%209%205.40479869%2018%2014.519983%2018%209.12771969%22%3E%3C%2Fpolygon%3E%3C%2Fsvg%3E&#039;);\"><\/div><\/div><\/div><\/div><\/div><div class=\"vc_row wpb_row row top-row\"><div class=\"vc_column_container col-md-12\"><div class=\"wpb_wrapper vc_column-inner\"><div class=\"vc_empty_space\"   style=\"height: 16px\"><span class=\"vc_empty_space_inner\"><\/span><\/div>\n\t<div class=\"wpb_raw_code wpb_content_element wpb_raw_html\" >\n\t\t<div class=\"wpb_wrapper\">\n\t\t\t<style>#jtg-2564 .modula-item .jtg-social a, .lightbox-socials.jtg-social a{ fill: #ffffff; color: #ffffff }#jtg-2564 .modula-item .jtg-social-mobile a{ fill: #ffffff; color: #ffffff }#jtg-2564 .modula-item .jtg-social svg, .lightbox-socials.jtg-social svg { height: 16px; width: 16px }#jtg-2564 .modula-item .jtg-social-mobile svg { height: 16px; width: 16px }#jtg-2564 .modula-item .jtg-social a:not(:last-child), .lightbox-socials.jtg-social a:not(:last-child) { margin-right: 10px }#jtg-2564 .modula-item .jtg-social-mobile .jtg-social-mobile-icons a:not(:last-child){ margin-right: 10px }#jtg-2564 .modula-item .figc {color:#ffffff;}#jtg-2564 .modula-item .figc .jtg-title {  font-size: 16px; }#jtg-2564 .modula-item .modula-item-content { transform: scale(1) }#jtg-2564 .modula-items .figc p.description { font-size:14px; }#jtg-2564 .modula-items .figc p.description { color:#ffffff;}#jtg-2564 .modula-items .figc .jtg-title { color:#ffffff; }#jtg-2564.modula-gallery .modula-item > a, #jtg-2564.modula-gallery .modula-item, #jtg-2564.modula-gallery .modula-item-content > a:not(.modula-no-follow) { cursor:zoom-in; } #jtg-2564.modula-gallery .modula-item-content .modula-no-follow { cursor: default; } @media screen and (max-width:480px){#jtg-2564 .modula-item .figc .jtg-title {  font-size: 12px; }#jtg-2564 .modula-items .figc p.description { color:#ffffff;font-size:10px; }}<\/style>\n<!-- Gallery Container -->\n<div  id=\"jtg-2564\" class=\"modula modula-gallery modula-custom-grid\" data-config=\"{&quot;height&quot;:800,&quot;tabletHeight&quot;:800,&quot;mobileHeight&quot;:800,&quot;desktopHeight&quot;:800,&quot;enableTwitter&quot;:false,&quot;enableWhatsapp&quot;:false,&quot;enableFacebook&quot;:false,&quot;enablePinterest&quot;:false,&quot;enableLinkedin&quot;:false,&quot;enableEmail&quot;:false,&quot;randomFactor&quot;:0.5,&quot;type&quot;:&quot;custom-grid&quot;,&quot;columns&quot;:12,&quot;gutter&quot;:10,&quot;mobileGutter&quot;:10,&quot;tabletGutter&quot;:10,&quot;desktopGutter&quot;:10,&quot;enableResponsive&quot;:&quot;0&quot;,&quot;tabletColumns&quot;:2,&quot;mobileColumns&quot;:1,&quot;lazyLoad&quot;:true,&quot;lightboxOpts&quot;:{&quot;animated&quot;:true,&quot;Thumbs&quot;:{&quot;type&quot;:&quot;modern&quot;,&quot;showOnStart&quot;:false},&quot;Toolbar&quot;:{&quot;display&quot;:{&quot;right&quot;:[&quot;close&quot;]},&quot;enabled&quot;:true},&quot;Carousel&quot;:{&quot;Panzoom&quot;:{&quot;touch&quot;:false},&quot;infinite&quot;:false},&quot;keyboard&quot;:{&quot;Escape&quot;:&quot;close&quot;,&quot;Delete&quot;:&quot;close&quot;,&quot;Backspace&quot;:&quot;close&quot;,&quot;PageUp&quot;:false,&quot;PageDown&quot;:false,&quot;ArrowUp&quot;:false,&quot;ArrowDown&quot;:false,&quot;ArrowRight&quot;:false,&quot;ArrowLeft&quot;:false},&quot;touch&quot;:false,&quot;backdropClick&quot;:false,&quot;l10n&quot;:{&quot;CLOSE&quot;:&quot;Close&quot;,&quot;NEXT&quot;:&quot;Next&quot;,&quot;PREV&quot;:&quot;Previous&quot;,&quot;Error&quot;:&quot;The requested content cannot be loaded. Please try again later.&quot;,&quot;PLAY_START&quot;:&quot;Start slideshow&quot;,&quot;PLAY_STOP&quot;:&quot;Pause slideshow&quot;,&quot;FULL_SCREEN&quot;:&quot;Full screen&quot;,&quot;THUMBS&quot;:&quot;Thumbnails&quot;,&quot;DOWNLOAD&quot;:&quot;Download&quot;,&quot;SHARE&quot;:&quot;Share&quot;,&quot;ZOOM&quot;:&quot;Zoom&quot;,&quot;EMAIL&quot;:&quot;Here is the link to the image : %%image_link%% and this is the link to the gallery : %%gallery_link%%&quot;,&quot;MODAL&quot;:&quot;You can close this modal content with the ESC key&quot;,&quot;ERROR&quot;:&quot;Something Went Wrong, Please Try Again Later&quot;,&quot;IMAGE_ERROR&quot;:&quot;Image Not Found&quot;,&quot;ELEMENT_NOT_FOUND&quot;:&quot;HTML Element Not Found&quot;,&quot;AJAX_NOT_FOUND&quot;:&quot;Error Loading AJAX : Not Found&quot;,&quot;AJAX_FORBIDDEN&quot;:&quot;Error Loading AJAX : Forbidden&quot;,&quot;IFRAME_ERROR&quot;:&quot;Error Loading Page&quot;,&quot;TOGGLE_ZOOM&quot;:&quot;Toggle zoom level&quot;,&quot;TOGGLE_THUMBS&quot;:&quot;Toggle thumbnails&quot;,&quot;TOGGLE_SLIDESHOW&quot;:&quot;Toggle slideshow&quot;,&quot;TOGGLE_FULLSCREEN&quot;:&quot;Toggle full-screen mode&quot;},&quot;Images&quot;:{&quot;Panzoom&quot;:{&quot;maxScale&quot;:2}},&quot;mainClass&quot;:&quot;modula-fancybox-container modula-lightbox-jtg-2564&quot;,&quot;Html&quot;:{&quot;videoAutoplay&quot;:0,&quot;videoTpl&quot;:&quot;&lt;video class=\\&quot;fancybox__html5video\\&quot; controls muted playsinline controlsList controlsList=\\&quot;nodownload\\&quot; poster=\\&quot;{{poster}}\\&quot; src=\\&quot;{{src}}\\&quot; type=\\&quot;{{format}}\\&quot; &gt;  Sorry, your browser doesn&#039;t support embedded videos, &lt;a href=\\&quot;{{src}}\\&quot;&gt; download &lt;\\\/a&gt; and watch with your favorite video player! &lt;\\\/video&gt;&quot;}},&quot;inView&quot;:false,&quot;email_subject&quot;:&quot;Check out this awesome image !!&quot;,&quot;email_message&quot;:&quot;Here is the link to the image : %%image_link%% and this is the link to the gallery : %%gallery_link%%&quot;,&quot;lightbox&quot;:&quot;fancybox&quot;}\">\n\n\t\n\t<!-- Items Container -->\n\t<div  class=\"modula-items\">\n\t\t<div class=\"modula-item effect-pufrobo\" data-width=\"2\" data-height=\"2\" >\n\t<div class=\"modula-item-overlay\"><\/div>\n\n\t<div class=\"modula-item-content\">\n\n\t\t\t\t\n\t\t\t\t\t<a data-image-id=\"2566\" data-elementor-open-lightbox=\"no\" tabindex=\"0\" rel=\"jtg-2564\" data-caption=\"\" aria-label=\"Open image in lightbox\" role=\"button\" class=\"tile-inner modula-item-link\"><\/a>\n\t\t\n\t\t<img fetchpriority=\"high\" class=\"pic wp-image-2566 lazyload\"  data-valign=\"middle\" data-halign=\"center\" alt=\"\" data-full=\"https:\/\/gs-art.ro\/wp-content\/uploads\/2025\/09\/504328208_2911421125694566_4844131831294749044_n.jpg\" title=\"504328208_2911421125694566_4844131831294749044_n\" width=\"463\" height=\"348\" data-src=\"https:\/\/gs-art.ro\/wp-content\/uploads\/2025\/09\/504328208_2911421125694566_4844131831294749044_n-463x348.jpg\" data-caption=\"\" data-source=\"modula\" data-srcset=\"https:\/\/gs-art.ro\/wp-content\/uploads\/2025\/09\/504328208_2911421125694566_4844131831294749044_n-463x348.jpg 463w, https:\/\/gs-art.ro\/wp-content\/uploads\/2025\/09\/504328208_2911421125694566_4844131831294749044_n-400x300.jpg 400w\" data-sizes=\"(max-width: 463px) 100vw, 463px\" srcset=\"https:\/\/gs-art.ro\/wp-content\/uploads\/2025\/09\/504328208_2911421125694566_4844131831294749044_n-463x348.jpg 463w, https:\/\/gs-art.ro\/wp-content\/uploads\/2025\/09\/504328208_2911421125694566_4844131831294749044_n-400x300.jpg 400w\" sizes=\"(max-width: 463px) 100vw, 463px\" \/>\n\t\t<div class=\"figc no-description\">\n\t\t\t<div class=\"figc-inner\">\n\t\t\t\t\t\t\t\t\t\t\t\t\t\t\t<\/div>\n\t\t<\/div>\n\n\t<\/div>\n\n<\/div><div class=\"modula-item effect-pufrobo\" data-width=\"2\" data-height=\"2\" >\n\t<div class=\"modula-item-overlay\"><\/div>\n\n\t<div class=\"modula-item-content\">\n\n\t\t\t\t\n\t\t\t\t\t<a data-image-id=\"2574\" data-elementor-open-lightbox=\"no\" tabindex=\"0\" rel=\"jtg-2564\" data-caption=\"\" aria-label=\"Open image in lightbox\" role=\"button\" class=\"tile-inner modula-item-link\"><\/a>\n\t\t\n\t\t<img class=\"pic wp-image-2574 lazyload\"  data-valign=\"middle\" data-halign=\"center\" alt=\"\" data-full=\"https:\/\/gs-art.ro\/wp-content\/uploads\/2025\/09\/504421581_2911421115694567_4386518021877614469_n.jpg\" title=\"504421581_2911421115694567_4386518021877614469_n\" width=\"463\" height=\"348\" data-src=\"https:\/\/gs-art.ro\/wp-content\/uploads\/2025\/09\/504421581_2911421115694567_4386518021877614469_n-463x348.jpg\" data-caption=\"\" data-source=\"modula\" data-srcset=\"https:\/\/gs-art.ro\/wp-content\/uploads\/2025\/09\/504421581_2911421115694567_4386518021877614469_n-463x348.jpg 463w, https:\/\/gs-art.ro\/wp-content\/uploads\/2025\/09\/504421581_2911421115694567_4386518021877614469_n-400x300.jpg 400w\" data-sizes=\"(max-width: 463px) 100vw, 463px\" srcset=\"https:\/\/gs-art.ro\/wp-content\/uploads\/2025\/09\/504421581_2911421115694567_4386518021877614469_n-463x348.jpg 463w, https:\/\/gs-art.ro\/wp-content\/uploads\/2025\/09\/504421581_2911421115694567_4386518021877614469_n-400x300.jpg 400w\" sizes=\"(max-width: 463px) 100vw, 463px\" \/>\n\t\t<div class=\"figc no-description\">\n\t\t\t<div class=\"figc-inner\">\n\t\t\t\t\t\t\t\t\t\t\t\t\t\t\t<\/div>\n\t\t<\/div>\n\n\t<\/div>\n\n<\/div><div class=\"modula-item effect-pufrobo\" data-width=\"2\" data-height=\"2\" >\n\t<div class=\"modula-item-overlay\"><\/div>\n\n\t<div class=\"modula-item-content\">\n\n\t\t\t\t\n\t\t\t\t\t<a data-image-id=\"2570\" data-elementor-open-lightbox=\"no\" tabindex=\"0\" rel=\"jtg-2564\" data-caption=\"\" aria-label=\"Open image in lightbox\" role=\"button\" class=\"tile-inner modula-item-link\"><\/a>\n\t\t\n\t\t<img class=\"pic wp-image-2570 lazyload\"  data-valign=\"middle\" data-halign=\"center\" alt=\"\" data-full=\"https:\/\/gs-art.ro\/wp-content\/uploads\/2025\/09\/504678627_2911421105694568_2485216214581481151_n.jpg\" title=\"504678627_2911421105694568_2485216214581481151_n\" width=\"463\" height=\"348\" data-src=\"https:\/\/gs-art.ro\/wp-content\/uploads\/2025\/09\/504678627_2911421105694568_2485216214581481151_n-463x348.jpg\" data-caption=\"\" data-source=\"modula\" data-srcset=\"https:\/\/gs-art.ro\/wp-content\/uploads\/2025\/09\/504678627_2911421105694568_2485216214581481151_n-463x348.jpg 463w, https:\/\/gs-art.ro\/wp-content\/uploads\/2025\/09\/504678627_2911421105694568_2485216214581481151_n-400x300.jpg 400w\" data-sizes=\"(max-width: 463px) 100vw, 463px\" srcset=\"https:\/\/gs-art.ro\/wp-content\/uploads\/2025\/09\/504678627_2911421105694568_2485216214581481151_n-463x348.jpg 463w, https:\/\/gs-art.ro\/wp-content\/uploads\/2025\/09\/504678627_2911421105694568_2485216214581481151_n-400x300.jpg 400w\" sizes=\"(max-width: 463px) 100vw, 463px\" \/>\n\t\t<div class=\"figc no-description\">\n\t\t\t<div class=\"figc-inner\">\n\t\t\t\t\t\t\t\t\t\t\t\t\t\t\t<\/div>\n\t\t<\/div>\n\n\t<\/div>\n\n<\/div><div class=\"modula-item effect-pufrobo\" data-width=\"2\" data-height=\"2\" >\n\t<div class=\"modula-item-overlay\"><\/div>\n\n\t<div class=\"modula-item-content\">\n\n\t\t\t\t\n\t\t\t\t\t<a data-image-id=\"2567\" data-elementor-open-lightbox=\"no\" tabindex=\"0\" rel=\"jtg-2564\" data-caption=\"\" aria-label=\"Open image in lightbox\" role=\"button\" class=\"tile-inner modula-item-link\"><\/a>\n\t\t\n\t\t<img loading=\"lazy\" class=\"pic wp-image-2567 lazyload\"  data-valign=\"middle\" data-halign=\"center\" alt=\"\" data-full=\"https:\/\/gs-art.ro\/wp-content\/uploads\/2025\/09\/504373192_2911414969028515_8587435200791501024_n.jpg\" title=\"504373192_2911414969028515_8587435200791501024_n\" width=\"463\" height=\"348\" data-src=\"https:\/\/gs-art.ro\/wp-content\/uploads\/2025\/09\/504373192_2911414969028515_8587435200791501024_n-463x348.jpg\" data-caption=\"\" data-source=\"modula\" data-srcset=\"https:\/\/gs-art.ro\/wp-content\/uploads\/2025\/09\/504373192_2911414969028515_8587435200791501024_n-463x348.jpg 463w, https:\/\/gs-art.ro\/wp-content\/uploads\/2025\/09\/504373192_2911414969028515_8587435200791501024_n-400x300.jpg 400w\" data-sizes=\"(max-width: 463px) 100vw, 463px\" srcset=\"https:\/\/gs-art.ro\/wp-content\/uploads\/2025\/09\/504373192_2911414969028515_8587435200791501024_n-463x348.jpg 463w, https:\/\/gs-art.ro\/wp-content\/uploads\/2025\/09\/504373192_2911414969028515_8587435200791501024_n-400x300.jpg 400w\" sizes=\"(max-width: 463px) 100vw, 463px\" \/>\n\t\t<div class=\"figc no-description\">\n\t\t\t<div class=\"figc-inner\">\n\t\t\t\t\t\t\t\t\t\t\t\t\t\t\t<\/div>\n\t\t<\/div>\n\n\t<\/div>\n\n<\/div><div class=\"modula-item effect-pufrobo\" data-width=\"2\" data-height=\"2\" >\n\t<div class=\"modula-item-overlay\"><\/div>\n\n\t<div class=\"modula-item-content\">\n\n\t\t\t\t\n\t\t\t\t\t<a data-image-id=\"2568\" data-elementor-open-lightbox=\"no\" tabindex=\"0\" rel=\"jtg-2564\" data-caption=\"\" aria-label=\"Open image in lightbox\" role=\"button\" class=\"tile-inner modula-item-link\"><\/a>\n\t\t\n\t\t<img loading=\"lazy\" class=\"pic wp-image-2568 lazyload\"  data-valign=\"middle\" data-halign=\"center\" alt=\"\" data-full=\"https:\/\/gs-art.ro\/wp-content\/uploads\/2025\/09\/504464509_2911421575694521_3757538412444533719_n.jpg\" title=\"504464509_2911421575694521_3757538412444533719_n\" width=\"463\" height=\"348\" data-src=\"https:\/\/gs-art.ro\/wp-content\/uploads\/2025\/09\/504464509_2911421575694521_3757538412444533719_n-463x348.jpg\" data-caption=\"\" data-source=\"modula\" data-srcset=\"https:\/\/gs-art.ro\/wp-content\/uploads\/2025\/09\/504464509_2911421575694521_3757538412444533719_n-463x348.jpg 463w, https:\/\/gs-art.ro\/wp-content\/uploads\/2025\/09\/504464509_2911421575694521_3757538412444533719_n-400x300.jpg 400w\" data-sizes=\"(max-width: 463px) 100vw, 463px\" srcset=\"https:\/\/gs-art.ro\/wp-content\/uploads\/2025\/09\/504464509_2911421575694521_3757538412444533719_n-463x348.jpg 463w, https:\/\/gs-art.ro\/wp-content\/uploads\/2025\/09\/504464509_2911421575694521_3757538412444533719_n-400x300.jpg 400w\" sizes=\"(max-width: 463px) 100vw, 463px\" \/>\n\t\t<div class=\"figc no-description\">\n\t\t\t<div class=\"figc-inner\">\n\t\t\t\t\t\t\t\t\t\t\t\t\t\t\t<\/div>\n\t\t<\/div>\n\n\t<\/div>\n\n<\/div><div class=\"modula-item effect-pufrobo\" data-width=\"2\" data-height=\"2\" >\n\t<div class=\"modula-item-overlay\"><\/div>\n\n\t<div class=\"modula-item-content\">\n\n\t\t\t\t\n\t\t\t\t\t<a data-image-id=\"2569\" data-elementor-open-lightbox=\"no\" tabindex=\"0\" rel=\"jtg-2564\" data-caption=\"\" aria-label=\"Open image in lightbox\" role=\"button\" class=\"tile-inner modula-item-link\"><\/a>\n\t\t\n\t\t<img loading=\"lazy\" class=\"pic wp-image-2569 lazyload\"  data-valign=\"middle\" data-halign=\"center\" alt=\"\" data-full=\"https:\/\/gs-art.ro\/wp-content\/uploads\/2025\/09\/504468754_2911421389027873_8265318613790729098_n.jpg\" title=\"504468754_2911421389027873_8265318613790729098_n\" width=\"463\" height=\"348\" data-src=\"https:\/\/gs-art.ro\/wp-content\/uploads\/2025\/09\/504468754_2911421389027873_8265318613790729098_n-463x348.jpg\" data-caption=\"\" data-source=\"modula\" data-srcset=\"https:\/\/gs-art.ro\/wp-content\/uploads\/2025\/09\/504468754_2911421389027873_8265318613790729098_n-463x348.jpg 463w, https:\/\/gs-art.ro\/wp-content\/uploads\/2025\/09\/504468754_2911421389027873_8265318613790729098_n-400x300.jpg 400w\" data-sizes=\"(max-width: 463px) 100vw, 463px\" srcset=\"https:\/\/gs-art.ro\/wp-content\/uploads\/2025\/09\/504468754_2911421389027873_8265318613790729098_n-463x348.jpg 463w, https:\/\/gs-art.ro\/wp-content\/uploads\/2025\/09\/504468754_2911421389027873_8265318613790729098_n-400x300.jpg 400w\" sizes=\"(max-width: 463px) 100vw, 463px\" \/>\n\t\t<div class=\"figc no-description\">\n\t\t\t<div class=\"figc-inner\">\n\t\t\t\t\t\t\t\t\t\t\t\t\t\t\t<\/div>\n\t\t<\/div>\n\n\t<\/div>\n\n<\/div><div class=\"modula-item effect-pufrobo\" data-width=\"2\" data-height=\"2\" >\n\t<div class=\"modula-item-overlay\"><\/div>\n\n\t<div class=\"modula-item-content\">\n\n\t\t\t\t\n\t\t\t\t\t<a data-image-id=\"2571\" data-elementor-open-lightbox=\"no\" tabindex=\"0\" rel=\"jtg-2564\" data-caption=\"\" aria-label=\"Open image in lightbox\" role=\"button\" class=\"tile-inner modula-item-link\"><\/a>\n\t\t\n\t\t<img loading=\"lazy\" class=\"pic wp-image-2571 lazyload\"  data-valign=\"middle\" data-halign=\"center\" alt=\"\" data-full=\"https:\/\/gs-art.ro\/wp-content\/uploads\/2025\/09\/504714811_2911414879028524_3564326011424311271_n.jpg\" title=\"504714811_2911414879028524_3564326011424311271_n\" width=\"463\" height=\"348\" data-src=\"https:\/\/gs-art.ro\/wp-content\/uploads\/2025\/09\/504714811_2911414879028524_3564326011424311271_n-463x348.jpg\" data-caption=\"\" data-source=\"modula\" data-srcset=\"https:\/\/gs-art.ro\/wp-content\/uploads\/2025\/09\/504714811_2911414879028524_3564326011424311271_n-463x348.jpg 463w, https:\/\/gs-art.ro\/wp-content\/uploads\/2025\/09\/504714811_2911414879028524_3564326011424311271_n-400x300.jpg 400w\" data-sizes=\"(max-width: 463px) 100vw, 463px\" srcset=\"https:\/\/gs-art.ro\/wp-content\/uploads\/2025\/09\/504714811_2911414879028524_3564326011424311271_n-463x348.jpg 463w, https:\/\/gs-art.ro\/wp-content\/uploads\/2025\/09\/504714811_2911414879028524_3564326011424311271_n-400x300.jpg 400w\" sizes=\"(max-width: 463px) 100vw, 463px\" \/>\n\t\t<div class=\"figc no-description\">\n\t\t\t<div class=\"figc-inner\">\n\t\t\t\t\t\t\t\t\t\t\t\t\t\t\t<\/div>\n\t\t<\/div>\n\n\t<\/div>\n\n<\/div><div class=\"modula-item effect-pufrobo\" data-width=\"2\" data-height=\"2\" >\n\t<div class=\"modula-item-overlay\"><\/div>\n\n\t<div class=\"modula-item-content\">\n\n\t\t\t\t\n\t\t\t\t\t<a data-image-id=\"2572\" data-elementor-open-lightbox=\"no\" tabindex=\"0\" rel=\"jtg-2564\" data-caption=\"\" aria-label=\"Open image in lightbox\" role=\"button\" class=\"tile-inner modula-item-link\"><\/a>\n\t\t\n\t\t<img loading=\"lazy\" class=\"pic wp-image-2572 lazyload\"  data-valign=\"middle\" data-halign=\"center\" alt=\"\" data-full=\"https:\/\/gs-art.ro\/wp-content\/uploads\/2025\/09\/504962413_2911421545694524_6402457093937591742_n.jpg\" title=\"504962413_2911421545694524_6402457093937591742_n\" width=\"463\" height=\"348\" data-src=\"https:\/\/gs-art.ro\/wp-content\/uploads\/2025\/09\/504962413_2911421545694524_6402457093937591742_n-463x348.jpg\" data-caption=\"\" data-source=\"modula\" data-srcset=\"https:\/\/gs-art.ro\/wp-content\/uploads\/2025\/09\/504962413_2911421545694524_6402457093937591742_n-463x348.jpg 463w, https:\/\/gs-art.ro\/wp-content\/uploads\/2025\/09\/504962413_2911421545694524_6402457093937591742_n-400x300.jpg 400w\" data-sizes=\"(max-width: 463px) 100vw, 463px\" srcset=\"https:\/\/gs-art.ro\/wp-content\/uploads\/2025\/09\/504962413_2911421545694524_6402457093937591742_n-463x348.jpg 463w, https:\/\/gs-art.ro\/wp-content\/uploads\/2025\/09\/504962413_2911421545694524_6402457093937591742_n-400x300.jpg 400w\" sizes=\"(max-width: 463px) 100vw, 463px\" \/>\n\t\t<div class=\"figc no-description\">\n\t\t\t<div class=\"figc-inner\">\n\t\t\t\t\t\t\t\t\t\t\t\t\t\t\t<\/div>\n\t\t<\/div>\n\n\t<\/div>\n\n<\/div><div class=\"modula-item effect-pufrobo\" data-width=\"2\" data-height=\"2\" >\n\t<div class=\"modula-item-overlay\"><\/div>\n\n\t<div class=\"modula-item-content\">\n\n\t\t\t\t\n\t\t\t\t\t<a data-image-id=\"2573\" data-elementor-open-lightbox=\"no\" tabindex=\"0\" rel=\"jtg-2564\" data-caption=\"\" aria-label=\"Open image in lightbox\" role=\"button\" class=\"tile-inner modula-item-link\"><\/a>\n\t\t\n\t\t<img loading=\"lazy\" class=\"pic wp-image-2573 lazyload\"  data-valign=\"middle\" data-halign=\"center\" alt=\"\" data-full=\"https:\/\/gs-art.ro\/wp-content\/uploads\/2025\/09\/504982451_2911421452361200_3555440446558150968_n.jpg\" title=\"504982451_2911421452361200_3555440446558150968_n\" width=\"463\" height=\"348\" data-src=\"https:\/\/gs-art.ro\/wp-content\/uploads\/2025\/09\/504982451_2911421452361200_3555440446558150968_n-463x348.jpg\" data-caption=\"\" data-source=\"modula\" data-srcset=\"https:\/\/gs-art.ro\/wp-content\/uploads\/2025\/09\/504982451_2911421452361200_3555440446558150968_n-463x348.jpg 463w, https:\/\/gs-art.ro\/wp-content\/uploads\/2025\/09\/504982451_2911421452361200_3555440446558150968_n-400x300.jpg 400w\" data-sizes=\"(max-width: 463px) 100vw, 463px\" srcset=\"https:\/\/gs-art.ro\/wp-content\/uploads\/2025\/09\/504982451_2911421452361200_3555440446558150968_n-463x348.jpg 463w, https:\/\/gs-art.ro\/wp-content\/uploads\/2025\/09\/504982451_2911421452361200_3555440446558150968_n-400x300.jpg 400w\" sizes=\"(max-width: 463px) 100vw, 463px\" \/>\n\t\t<div class=\"figc no-description\">\n\t\t\t<div class=\"figc-inner\">\n\t\t\t\t\t\t\t\t\t\t\t\t\t\t\t<\/div>\n\t\t<\/div>\n\n\t<\/div>\n\n<\/div>\t\t\n\t<\/div>\n\n\t\n\t\n\t<script type=\"application\/ld+json\">\n\t{\n\t\t\"@context\": \"http:\/\/schema.org\",\n\t\t\"@type\"   : \"ImageGallery\",\n\t\t\"id\"      : \"https:\/\/gs-art.ro\/ro\/physical-exhibitions\/samurai-legendele-japoniei\/\",\n\t\t\"url\"     : \"https:\/\/gs-art.ro\/ro\/physical-exhibitions\/samurai-legendele-japoniei\/\"\n\t}\n\n\t<\/script>\n\n\t\n<\/div>\n\t\t<\/div>\n\t<\/div>\n<\/div><\/div><\/div>\n<\/div>","protected":false},"excerpt":{"rendered":"The exhibition \"SAMURAI \u2013 Legends of Japan\", open at the Braunstein Palace and curated by dr. Alexandru Chitu\u021b\u0103, is dedicated to two special events: the birthday of His Majesty NARUHITO, Emperor of Japan, and Japan's National Day. Organized and sponsored by the law firm \u0218erban &amp; Asocia\u021bii, the exhibition also features kimonos created by artist [...]","protected":false},"author":1,"featured_media":0,"parent":835,"menu_order":0,"comment_status":"closed","ping_status":"closed","template":"","meta":{"footnotes":""},"class_list":["post-2559","page","type-page","status-publish","hentry"],"_links":{"self":[{"href":"https:\/\/gs-art.ro\/ro\/wp-json\/wp\/v2\/pages\/2559","targetHints":{"allow":["GET"]}}],"collection":[{"href":"https:\/\/gs-art.ro\/ro\/wp-json\/wp\/v2\/pages"}],"about":[{"href":"https:\/\/gs-art.ro\/ro\/wp-json\/wp\/v2\/types\/page"}],"author":[{"embeddable":true,"href":"https:\/\/gs-art.ro\/ro\/wp-json\/wp\/v2\/users\/1"}],"replies":[{"embeddable":true,"href":"https:\/\/gs-art.ro\/ro\/wp-json\/wp\/v2\/comments?post=2559"}],"version-history":[{"count":6,"href":"https:\/\/gs-art.ro\/ro\/wp-json\/wp\/v2\/pages\/2559\/revisions"}],"predecessor-version":[{"id":2681,"href":"https:\/\/gs-art.ro\/ro\/wp-json\/wp\/v2\/pages\/2559\/revisions\/2681"}],"up":[{"embeddable":true,"href":"https:\/\/gs-art.ro\/ro\/wp-json\/wp\/v2\/pages\/835"}],"wp:attachment":[{"href":"https:\/\/gs-art.ro\/ro\/wp-json\/wp\/v2\/media?parent=2559"}],"curies":[{"name":"wp","href":"https:\/\/api.w.org\/{rel}","templated":true}]}}