{"id":26,"date":"2019-05-17T21:58:58","date_gmt":"2019-05-17T21:58:58","guid":{"rendered":"http:\/\/sw-themes.com\/porto_dummy\/?page_id=26"},"modified":"2024-08-14T22:35:34","modified_gmt":"2024-08-14T19:35:34","slug":"who-we-are","status":"publish","type":"page","link":"https:\/\/gs-art.ro\/ro\/who-we-are\/","title":{"rendered":"Despre noi"},"content":{"rendered":"<div class=\"wpb-content-wrapper\"><div class=\"vc_row wpb_row row top-row vc_custom_1722505074116\"><div class=\"vc_column_container col-md-12\"><div class=\"wpb_wrapper vc_column-inner\"><\/div><\/div><\/div><div class=\"vc_row wpb_row top-row porto-inner-container\"><div class=\"porto-wrap-container container\"><div class=\"row\"><div class=\"vc_column_container col-md-2\"><div class=\"wpb_wrapper vc_column-inner\"><\/div><\/div><div class=\"vc_column_container col-md-4\"><div class=\"wpb_wrapper vc_column-inner\">\n\t<div class=\"wpb_text_column wpb_content_element  wpb_animate_when_almost_visible wpb_fadeInDown fadeInDown\" >\n\t\t<div class=\"wpb_wrapper\">\n\t\t\t<p style=\"text-align: justify;\"><span style=\"font-size: 17px; color: #333333;\">GS Art este o galerie de art\u0103 online, unde pute\u021bi admira lucr\u0103ri din colec\u021bia noastr\u0103 privat\u0103, care vor fi prezentate \u00een expozi\u021bii individuale.<\/span><\/p>\n<p style=\"text-align: justify;\"><span style=\"font-size: 17px; color: #333333;\">GS Art este de\u021binut\u0103 de un colec\u021bionar privat rom\u00e2n, av\u00e2nd peste 3000 de lucr\u0103ri de art\u0103 care au fost achizi\u021bionate \u00een ultimii 30 de ani. Colec\u021bia cuprinde toate tipurile de art\u0103, inclusiv picturi \u00een ulei, xilogravuri, gravuri, desene \u0219i sculpturi.<\/span><\/p>\n\n\t\t<\/div>\n\t<\/div>\n<\/div><\/div><div class=\"vc_column_container col-md-4\"><div class=\"wpb_wrapper vc_column-inner\">\r\n\t<div class=\"wpb_single_image wpb_content_element vc_align_left\">\r\n\t\t<div class=\"wpb_wrapper\">\r\n\t\t\t\r\n\t\t\t<div class=\"vc_single_image-wrapper vc_box_shadow_border  vc_box_border_grey\"><img fetchpriority=\"high\" decoding=\"async\" width=\"2560\" height=\"1440\" src=\"https:\/\/gs-art.ro\/wp-content\/uploads\/2023\/07\/poza-1-scaled.jpg\" class=\"vc_single_image-img attachment-full\" alt=\"\" title=\"\" srcset=\"https:\/\/gs-art.ro\/wp-content\/uploads\/2023\/07\/poza-1-scaled.jpg 2560w, https:\/\/gs-art.ro\/wp-content\/uploads\/2023\/07\/poza-1-1024x576.jpg 1024w, https:\/\/gs-art.ro\/wp-content\/uploads\/2023\/07\/poza-1-768x432.jpg 768w, https:\/\/gs-art.ro\/wp-content\/uploads\/2023\/07\/poza-1-1536x864.jpg 1536w, https:\/\/gs-art.ro\/wp-content\/uploads\/2023\/07\/poza-1-2048x1152.jpg 2048w, https:\/\/gs-art.ro\/wp-content\/uploads\/2023\/07\/poza-1-640x360.jpg 640w, https:\/\/gs-art.ro\/wp-content\/uploads\/2023\/07\/poza-1-400x225.jpg 400w, https:\/\/gs-art.ro\/wp-content\/uploads\/2023\/07\/poza-1-367x206.jpg 367w, https:\/\/gs-art.ro\/wp-content\/uploads\/2023\/07\/poza-1-600x338.jpg 600w\" sizes=\"(max-width: 2560px) 100vw, 2560px\" \/><\/div>\r\n\t\t<\/div>\r\n\t<\/div>\r\n<\/div><\/div><div class=\"vc_column_container col-md-2\"><div class=\"wpb_wrapper vc_column-inner\"><\/div><\/div><\/div><\/div><\/div><div class=\"vc_row wpb_row top-row porto-inner-container\"><div class=\"porto-wrap-container container\"><div class=\"row\"><div class=\"vc_column_container col-md-2\"><div class=\"wpb_wrapper vc_column-inner\"><\/div><\/div><div class=\"vc_column_container col-md-4\"><div class=\"wpb_wrapper vc_column-inner\">\n\t<div class=\"wpb_text_column wpb_content_element  wpb_animate_when_almost_visible wpb_fadeInDown fadeInDown\" >\n\t\t<div class=\"wpb_wrapper\">\n\t\t\t<p style=\"text-align: justify;\"><span style=\"color: #333333; font-size: 17px;\">Am sponsorizat \u0219i g\u0103zduit zeci de expozi\u021bii fizice \u00een galerii private \u0219i muzee na\u021bionale din Rom\u00e2nia. Accesa\u021bi \u201eExpozi\u021bii fizice\u201d pentru a r\u0103sfoi o selec\u021bie de fotografii realizate la aceste evenimente!<\/span><\/p>\n<p style=\"text-align: justify;\"><span style=\"color: #333333; font-size: 17px;\">Al\u0103tura\u021bi-v\u0103 comunit\u0103\u021bii noastre de social media pentru a r\u0103m\u00e2ne la curent cu actualiz\u0103rile noastre \u0219i expozi\u021biile viitoare!<\/span><\/p>\n\n\t\t<\/div>\n\t<\/div>\n<\/div><\/div><div class=\"vc_column_container col-md-4\"><div class=\"wpb_wrapper vc_column-inner\">\r\n\t<div class=\"wpb_single_image wpb_content_element vc_align_left\">\r\n\t\t<div class=\"wpb_wrapper\">\r\n\t\t\t\r\n\t\t\t<div class=\"vc_single_image-wrapper vc_box_shadow_border  vc_box_border_grey\"><img decoding=\"async\" width=\"2560\" height=\"1709\" src=\"https:\/\/gs-art.ro\/wp-content\/uploads\/2023\/07\/poza-2-scaled.jpg\" class=\"vc_single_image-img attachment-full\" alt=\"\" title=\"\" srcset=\"https:\/\/gs-art.ro\/wp-content\/uploads\/2023\/07\/poza-2-scaled.jpg 2560w, https:\/\/gs-art.ro\/wp-content\/uploads\/2023\/07\/poza-2-1024x684.jpg 1024w, https:\/\/gs-art.ro\/wp-content\/uploads\/2023\/07\/poza-2-768x513.jpg 768w, https:\/\/gs-art.ro\/wp-content\/uploads\/2023\/07\/poza-2-1536x1025.jpg 1536w, https:\/\/gs-art.ro\/wp-content\/uploads\/2023\/07\/poza-2-2048x1367.jpg 2048w, https:\/\/gs-art.ro\/wp-content\/uploads\/2023\/07\/poza-2-640x427.jpg 640w, https:\/\/gs-art.ro\/wp-content\/uploads\/2023\/07\/poza-2-400x267.jpg 400w, https:\/\/gs-art.ro\/wp-content\/uploads\/2023\/07\/poza-2-367x245.jpg 367w, https:\/\/gs-art.ro\/wp-content\/uploads\/2023\/07\/poza-2-600x401.jpg 600w\" sizes=\"(max-width: 2560px) 100vw, 2560px\" \/><\/div>\r\n\t\t<\/div>\r\n\t<\/div>\r\n<\/div><\/div><div class=\"vc_column_container col-md-2\"><div class=\"wpb_wrapper vc_column-inner\"><\/div><\/div><\/div><\/div><\/div><div class=\"vc_row wpb_row top-row porto-inner-container\"><div class=\"porto-wrap-container container\"><div class=\"row\"><div class=\"vc_column_container col-md-2\"><div class=\"wpb_wrapper vc_column-inner\"><\/div><\/div><div class=\"vc_column_container col-md-4\"><div class=\"wpb_wrapper vc_column-inner\">\n\t<div class=\"wpb_text_column wpb_content_element  wpb_animate_when_almost_visible wpb_fadeInDown fadeInDown\" >\n\t\t<div class=\"wpb_wrapper\">\n\t\t\t<p style=\"text-align: justify;\"><span style=\"color: #333333; font-size: 17px;\">GS Art v\u0103 pune la dispozi\u021bie expozi\u021bii virtuale \u00eengrijite de curatorul nostru, care se vor actualiza ocazional. Anumite expozi\u021bii vor fi permanente, \u00een timp ce altele vor avea o perioad\u0103 limitat\u0103 \u00een care pot fi vizitate.<\/span><\/p>\n<p style=\"text-align: justify;\"><span style=\"color: #333333; font-size: 17px;\">Fiecare lucrare din expozi\u021bie este preg\u0103tit\u0103 \u0219i selectat\u0103 foarte atent de curatorul nostru pentru a avea cel mai pl\u0103cut impact vizual pentru vizitatori.<\/span><\/p>\n\n\t\t<\/div>\n\t<\/div>\n<\/div><\/div><div class=\"vc_column_container col-md-4\"><div class=\"wpb_wrapper vc_column-inner\">\r\n\t<div class=\"wpb_single_image wpb_content_element vc_align_left\">\r\n\t\t<div class=\"wpb_wrapper\">\r\n\t\t\t\r\n\t\t\t<div class=\"vc_single_image-wrapper vc_box_shadow_border  vc_box_border_grey\"><img decoding=\"async\" width=\"2560\" height=\"1709\" src=\"https:\/\/gs-art.ro\/wp-content\/uploads\/2023\/07\/poza-4-scaled.jpg\" class=\"vc_single_image-img attachment-full\" alt=\"\" title=\"\" srcset=\"https:\/\/gs-art.ro\/wp-content\/uploads\/2023\/07\/poza-4-scaled.jpg 2560w, https:\/\/gs-art.ro\/wp-content\/uploads\/2023\/07\/poza-4-1024x684.jpg 1024w, https:\/\/gs-art.ro\/wp-content\/uploads\/2023\/07\/poza-4-768x513.jpg 768w, https:\/\/gs-art.ro\/wp-content\/uploads\/2023\/07\/poza-4-1536x1025.jpg 1536w, https:\/\/gs-art.ro\/wp-content\/uploads\/2023\/07\/poza-4-2048x1367.jpg 2048w, https:\/\/gs-art.ro\/wp-content\/uploads\/2023\/07\/poza-4-640x427.jpg 640w, https:\/\/gs-art.ro\/wp-content\/uploads\/2023\/07\/poza-4-400x267.jpg 400w, https:\/\/gs-art.ro\/wp-content\/uploads\/2023\/07\/poza-4-367x245.jpg 367w, https:\/\/gs-art.ro\/wp-content\/uploads\/2023\/07\/poza-4-600x401.jpg 600w\" sizes=\"(max-width: 2560px) 100vw, 2560px\" \/><\/div>\r\n\t\t<\/div>\r\n\t<\/div>\r\n<\/div><\/div><div class=\"vc_column_container col-md-2\"><div class=\"wpb_wrapper vc_column-inner\"><\/div><\/div><\/div><\/div><\/div>\n<\/div>","protected":false},"excerpt":{"rendered":"GS Art is an online art gallery, where you can admire works from our private collection, that will be presented in individual exhibitions. GS Art is owned by a Romanian private collector, boasting over 3000 artworks that have been acquired over the last 30 years. The collection comprises all types of art, including oil paintings, [...]","protected":false},"author":1,"featured_media":0,"parent":0,"menu_order":0,"comment_status":"closed","ping_status":"closed","template":"","meta":{"footnotes":""},"class_list":["post-26","page","type-page","status-publish","hentry"],"_links":{"self":[{"href":"https:\/\/gs-art.ro\/ro\/wp-json\/wp\/v2\/pages\/26","targetHints":{"allow":["GET"]}}],"collection":[{"href":"https:\/\/gs-art.ro\/ro\/wp-json\/wp\/v2\/pages"}],"about":[{"href":"https:\/\/gs-art.ro\/ro\/wp-json\/wp\/v2\/types\/page"}],"author":[{"embeddable":true,"href":"https:\/\/gs-art.ro\/ro\/wp-json\/wp\/v2\/users\/1"}],"replies":[{"embeddable":true,"href":"https:\/\/gs-art.ro\/ro\/wp-json\/wp\/v2\/comments?post=26"}],"version-history":[{"count":38,"href":"https:\/\/gs-art.ro\/ro\/wp-json\/wp\/v2\/pages\/26\/revisions"}],"predecessor-version":[{"id":2168,"href":"https:\/\/gs-art.ro\/ro\/wp-json\/wp\/v2\/pages\/26\/revisions\/2168"}],"wp:attachment":[{"href":"https:\/\/gs-art.ro\/ro\/wp-json\/wp\/v2\/media?parent=26"}],"curies":[{"name":"wp","href":"https:\/\/api.w.org\/{rel}","templated":true}]}}