{"id":307,"date":"2022-04-20T16:11:37","date_gmt":"2022-04-20T13:11:37","guid":{"rendered":"https:\/\/gs-art.ro\/?page_id=307"},"modified":"2024-08-29T11:19:02","modified_gmt":"2024-08-29T08:19:02","slug":"virtual-exhibitions","status":"publish","type":"page","link":"https:\/\/gs-art.ro\/ro\/virtual-exhibitions\/","title":{"rendered":"Expozi\u021bii Virtuale"},"content":{"rendered":"<div class=\"wpb-content-wrapper\"><div class=\"vc_row wpb_row row top-row\"><div class=\"vc_column_container col-md-2\"><div class=\"wpb_wrapper vc_column-inner\"><\/div><\/div><div class=\"vc_column_container col-md-8 text-left\"><div class=\"wpb_wrapper vc_column-inner\">\n\t<div class=\"wpb_text_column wpb_content_element\" >\n\t\t<div class=\"wpb_wrapper\">\n\t\t\t<p style=\"text-align: justify;\"><span style=\"font-size: 17px;\">Bun venit pe pagina expozi\u021biilor virtuale! Pentru cea mai bun\u0103 experien\u021b\u0103, recomand\u0103m accesarea versiunii web a site-ului. Aceasta ofer\u0103 o rezolu\u021bie mai mare \u0219i mai multe func\u021bii dec\u00e2t versiunea mobil\u0103.<\/span><\/p>\n\n\t\t<\/div>\n\t<\/div>\n<\/div><\/div><div class=\"vc_column_container col-md-2\"><div class=\"wpb_wrapper vc_column-inner\"><\/div><\/div><\/div><div class=\"vc_row wpb_row row top-row vc_column-gap-25 text-center vc_row-o-equal-height vc_row-o-content-top vc_row-flex\"><div class=\"vc_column_container col-md-4 text-justify vc_custom_1722504750734\"><div class=\"wpb_wrapper vc_column-inner\">\r\n\t<div class=\"wpb_single_image wpb_content_element vc_align_center\">\r\n\t\t<div class=\"wpb_wrapper\">\r\n\t\t\t\r\n\t\t\t<div class=\"vc_single_image-wrapper vc_box_shadow_3d  vc_box_border_grey\"><span class=\"vc_box_shadow_3d_wrap\"><img loading=\"lazy\" decoding=\"async\" class=\"vc_single_image-img\" src=\"https:\/\/gs-art.ro\/wp-content\/uploads\/2024\/05\/Chirico-e1716963387854-220x300.jpg\" width=\"220\" height=\"300\" alt=\"\" title=\"\" \/><\/span><\/div>\r\n\t\t<\/div>\r\n\t<\/div>\r\n<p style=\"font-size: 18px;color: #303030;text-align: center;font-family:Abril Fatface;font-weight:400;font-style:normal\" class=\"vc_custom_heading heading-quaternary\" >Selec\u021bie de litografii europene din secolul XX<\/p>\n\t<div class=\"wpb_text_column wpb_content_element\" >\n\t\t<div class=\"wpb_wrapper\">\n\t\t\t<p style=\"text-align: justify;\"><span style=\"font-size: 14px;\">Ce au \u00een comun Pablo Picasso, Salvador Dal\u00ed, Joan Mir\u00f3, Marc Chagall sau Edvard Munch? \u00cei pute\u021bi g\u0103si pe to\u021bi \u00eempreun\u0103 cu al\u021bi mari arti\u0219ti ai lumii \u00een aceast\u0103 expozi\u021bie de gravuri.<\/span><\/p>\n\n\t\t<\/div>\n\t<\/div>\n<div class=\"vc_btn3-container  btn-style-1 vc_btn3-center\" >\r\n\t<a class=\"vc_btn3 vc_btn3-shape-default wpb_custom_6687b26f39488ddbb85ddb3c1ce8e111 btn btn-borders btn-md btn-dark\" href=\"https:\/\/gs-art.ro\/ro\/virtual-exhibitions\/european-prints\/\" title=\"\">Vezi Expozi\u021bia<\/a>\t<\/div>\r\n<\/div><\/div><div class=\"vc_column_container col-md-4 vc_custom_1722504770103\"><div class=\"wpb_wrapper vc_column-inner\"><div class=\"vc_empty_space\"   style=\"height: 16px\"><span class=\"vc_empty_space_inner\"><\/span><\/div>\r\n\t<div class=\"wpb_single_image wpb_content_element vc_align_center\">\r\n\t\t<div class=\"wpb_wrapper\">\r\n\t\t\t\r\n\t\t\t<div class=\"vc_single_image-wrapper vc_box_shadow_3d  vc_box_border_grey\"><span class=\"vc_box_shadow_3d_wrap\"><img loading=\"lazy\" decoding=\"async\" class=\"vc_single_image-img\" src=\"https:\/\/gs-art.ro\/wp-content\/uploads\/2024\/05\/Goya-315x235.jpg\" width=\"315\" height=\"235\" alt=\"\" title=\"\" \/><\/span><\/div>\r\n\t\t<\/div>\r\n\t<\/div>\r\n<div class=\"vc_empty_space\"   style=\"height: 44px\"><span class=\"vc_empty_space_inner\"><\/span><\/div><p style=\"font-size: 18px;color: #303030;text-align: center;font-family:Abril Fatface;font-weight:400;font-style:normal;letter-spacing:100\" class=\"vc_custom_heading heading-quaternary\" >Francisco Goya - Expozi\u021bie de gravur\u0103<\/p>\n\t<div class=\"wpb_text_column wpb_content_element\" >\n\t\t<div class=\"wpb_wrapper\">\n\t\t\t<p style=\"text-align: justify;\"><span style=\"font-size: 14px;\">GS Art v\u0103 invit\u0103 s\u0103 vede\u021bi cele mai importante serii create de Francisco Goya, \u201eCapriciile\u201d, \u201eDezastrele r\u0103zboiului\u201d \u0219i seria complet\u0103 a \u201eLa Tauromaquia\u201d.<\/span><\/p>\n\n\t\t<\/div>\n\t<\/div>\n<div class=\"vc_btn3-container  btn-style-1 vc_btn3-center\" >\r\n\t<a class=\"vc_btn3 vc_btn3-shape-square wpb_custom_6687b26f39488ddbb85ddb3c1ce8e111 btn btn-borders btn-md btn-dark\" href=\"https:\/\/gs-art.ro\/ro\/virtual-exhibitions\/francisco-goya\/\" title=\"\">Vezi Expozi\u021bia<\/a>\t<\/div>\r\n<\/div><\/div><div class=\"vc_column_container col-md-4\"><div class=\"wpb_wrapper vc_column-inner\">\r\n\t<div class=\"wpb_single_image wpb_content_element vc_align_center\">\r\n\t\t<div class=\"wpb_wrapper\">\r\n\t\t\t\r\n\t\t\t<div class=\"vc_single_image-wrapper vc_box_shadow_3d  vc_box_border_grey\"><span class=\"vc_box_shadow_3d_wrap\"><img loading=\"lazy\" decoding=\"async\" class=\"vc_single_image-img\" src=\"https:\/\/gs-art.ro\/wp-content\/uploads\/2024\/05\/Kunioshi-220x300.jpg\" width=\"220\" height=\"300\" alt=\"\" title=\"\" \/><\/span><\/div>\r\n\t\t<\/div>\r\n\t<\/div>\r\n<p style=\"font-size: 18px;color: #303030;text-align: center;font-family:Abril Fatface;font-weight:400;font-style:normal\" class=\"vc_custom_heading heading-quaternary\" >Selec\u021bie de stampe japoneze din epoca Edo<\/p><div class=\"vc_empty_space\"   style=\"height: 6px\"><span class=\"vc_empty_space_inner\"><\/span><\/div>\n\t<div class=\"wpb_text_column wpb_content_element\" >\n\t\t<div class=\"wpb_wrapper\">\n\t\t\t<p style=\"text-align: justify;\"><span style=\"font-size: 14px;\">GS Art v\u0103 prezint\u0103 o selec\u021bie de stampe japoneze originale create de numero\u0219i arti\u0219ti \u00een timpul epocii Edo (1603 - 1868).<\/span><\/p>\n\n\t\t<\/div>\n\t<\/div>\n<div class=\"vc_empty_space\"   style=\"height: 12px\"><span class=\"vc_empty_space_inner\"><\/span><\/div><div class=\"vc_btn3-container  btn-style-1 vc_btn3-center\" >\r\n\t<a class=\"vc_btn3 vc_btn3-shape-default wpb_custom_6687b26f39488ddbb85ddb3c1ce8e111 btn btn-borders btn-lg btn-dark\" href=\"https:\/\/gs-art.ro\/ro\/woodblock-prints-utagawa\/\" title=\"\">Vezi Expozi\u021bia<\/a>\t<\/div>\r\n<\/div><\/div><\/div><div class=\"vc_row wpb_row row top-row vc_column-gap-25 text-center vc_row-o-content-top vc_row-flex\"><div class=\"vc_column_container col-md-4 split-slide text-left vc_custom_1722504829525\"><div class=\"wpb_wrapper vc_column-inner\"><div class=\"vc_empty_space\"   style=\"height: 16px\"><span class=\"vc_empty_space_inner\"><\/span><\/div>\r\n\t<div class=\"wpb_single_image wpb_content_element vc_align_center\">\r\n\t\t<div class=\"wpb_wrapper\">\r\n\t\t\t\r\n\t\t\t<div class=\"vc_single_image-wrapper vc_box_shadow_3d  vc_box_border_grey\"><span class=\"vc_box_shadow_3d_wrap\"><img loading=\"lazy\" decoding=\"async\" class=\"vc_single_image-img\" src=\"https:\/\/gs-art.ro\/wp-content\/uploads\/2024\/05\/Avocatul-George-Serban-prezentand-Noul-Cod-Penal-studentilor-de-la-Arte-2016-scaled-205x275.jpg\" width=\"205\" height=\"275\" alt=\"\" title=\"\" \/><\/span><\/div>\r\n\t\t<\/div>\r\n\t<\/div>\r\n<p style=\"font-size: 18px;color: #303030;text-align: center;font-family:Abril Fatface;font-weight:400;font-style:normal\" class=\"vc_custom_heading heading-quaternary\" >Selec\u021bie de arti\u0219ti graficieni rom\u00e2ni<\/p>\n\t<div class=\"wpb_text_column wpb_content_element\" >\n\t\t<div class=\"wpb_wrapper\">\n\t\t\t<p style=\"text-align: justify;\"><span style=\"font-size: 14px;\">Aceast\u0103 expozi\u021bie v\u0103 prezint\u0103 o serie de lucr\u0103ri importante create de arti\u0219ti graficieni rom\u00e2ni contemporani renumi\u021bi.<\/span><\/p>\n\n\t\t<\/div>\n\t<\/div>\n<div class=\"vc_empty_space\"   style=\"height: 42px\"><span class=\"vc_empty_space_inner\"><\/span><\/div><div class=\"vc_btn3-container  btn-style-1 vc_btn3-center\" >\r\n\t<a class=\"vc_btn3 vc_btn3-shape-default wpb_custom_6687b26f39488ddbb85ddb3c1ce8e111 btn btn-borders btn-lg btn-dark\" href=\"https:\/\/gs-art.ro\/ro\/virtual-exhibitions\/romanian-graphic-artists\/\" title=\"\">Vezi Expozi\u021bia<\/a>\t<\/div>\r\n<\/div><\/div><div class=\"vc_column_container col-md-4 vc_custom_1722505212775\"><div class=\"wpb_wrapper vc_column-inner\"><div class=\"vc_empty_space\"   style=\"height: 16px\"><span class=\"vc_empty_space_inner\"><\/span><\/div>\r\n\t<div class=\"wpb_single_image wpb_content_element vc_align_center\">\r\n\t\t<div class=\"wpb_wrapper\">\r\n\t\t\t\r\n\t\t\t<div class=\"vc_single_image-wrapper vc_box_shadow_3d  vc_box_border_grey\"><span class=\"vc_box_shadow_3d_wrap\"><img fetchpriority=\"high\" decoding=\"async\" width=\"188\" height=\"270\" src=\"https:\/\/gs-art.ro\/wp-content\/uploads\/2024\/04\/Doru-Bucur-Portret-1965-Ulei-pe-carton-30-x45-188x270.jpg\" class=\"vc_single_image-img attachment-medium\" alt=\"\" title=\"\" \/><\/span><\/div>\r\n\t\t<\/div>\r\n\t<\/div>\r\n<p style=\"font-size: 18px;color: #0a0a0a;text-align: center;font-family:Abril Fatface;font-weight:400;font-style:normal;letter-spacing:100\" class=\"vc_custom_heading heading-quaternary\" >Selec\u021bie de pictori rom\u00e2ni<\/p>\n\t<div class=\"wpb_text_column wpb_content_element  vc_custom_1722504907720\" >\n\t\t<div class=\"wpb_wrapper\">\n\t\t\t<p style=\"text-align: justify;\"><span style=\"font-size: 14px;\">GS Art v\u0103 \u00eent\u00e2mpin\u0103 la aceast\u0103 expozi\u021bie cu mai multe lucr\u0103ri realizate de pictori rom\u00e2ni, precum Ioan Alin Gheorghiu, Magdalena R\u0103dulescu, Margareta Sterian sau Georgeta N\u0103p\u0103ru\u0219.<\/span><\/p>\n\n\t\t<\/div>\n\t<\/div>\n<div class=\"vc_btn3-container  btn-style-1 vc_btn3-center\" >\r\n\t<a class=\"vc_btn3 vc_btn3-shape-square wpb_custom_6687b26f39488ddbb85ddb3c1ce8e111 btn btn-borders btn-md btn-dark\" href=\"https:\/\/gs-art.ro\/ro\/virtualexhibitions\/romanian-painters\/\" title=\"\">Vezi Expozi\u021bia<\/a>\t<\/div>\r\n<\/div><\/div><div class=\"vc_column_container col-md-4\"><div class=\"wpb_wrapper vc_column-inner\"><div class=\"vc_empty_space\"   style=\"height: 16px\"><span class=\"vc_empty_space_inner\"><\/span><\/div>\r\n\t<div class=\"wpb_single_image wpb_content_element vc_align_center\">\r\n\t\t<div class=\"wpb_wrapper\">\r\n\t\t\t\r\n\t\t\t<div class=\"vc_single_image-wrapper vc_box_shadow_3d  vc_box_border_grey\"><span class=\"vc_box_shadow_3d_wrap\"><img loading=\"lazy\" decoding=\"async\" class=\"vc_single_image-img\" src=\"https:\/\/gs-art.ro\/wp-content\/uploads\/2024\/05\/WhatsApp-Image-2024-05-13-at-15.01.56_8f07a51e-205x275.jpg\" width=\"205\" height=\"275\" alt=\"\" title=\"\" \/><\/span><\/div>\r\n\t\t<\/div>\r\n\t<\/div>\r\n<p style=\"font-size: 18px;color: #0a0a0a;text-align: center;font-family:Abril Fatface;font-weight:400;font-style:normal;letter-spacing:100\" class=\"vc_custom_heading heading-quaternary\" >Selec\u021bie de sculptori rom\u00e2ni<\/p>\n\t<div class=\"wpb_text_column wpb_content_element\" >\n\t\t<div class=\"wpb_wrapper\">\n\t\t\t<p style=\"text-align: justify;\"><span style=\"font-size: 14px;\">GS Art v\u0103 invit\u0103 s\u0103 vede\u021bi frumoase sculpturi create de arti\u0219ti rom\u00e2ni. Aceste lucr\u0103ri au fost expuse \u00een cadrul expozi\u021biei \u201d<em>Omagiu lui Br\u00e2ncu\u0219i\u201d expozi\u021bie fizic\u0103 organizat\u0103 de GS Art la T\u00e2rgu Jiu \u00een 2024.<\/em><\/span><\/p>\n\n\t\t<\/div>\n\t<\/div>\n<div class=\"vc_empty_space\"   style=\"height: 22px\"><span class=\"vc_empty_space_inner\"><\/span><\/div><div class=\"vc_btn3-container  btn-style-1 vc_btn3-center\" >\r\n\t<a class=\"vc_btn3 vc_btn3-shape-default wpb_custom_6687b26f39488ddbb85ddb3c1ce8e111 btn btn-borders btn-lg btn-dark\" href=\"https:\/\/gs-art.ro\/ro\/virtualexhibitions\/romanian-sculptors\/\" title=\"\">Vezi Expozi\u021bia<\/a>\t<\/div>\r\n<\/div><\/div><\/div><div class=\"vc_row wpb_row row top-row vc_column-gap-35 text-center vc_row-o-content-bottom vc_row-flex\"><div class=\"vc_column_container col-md-4 vc_custom_1722504841041\"><div class=\"wpb_wrapper vc_column-inner\"><div class=\"vc_empty_space\"   style=\"height: 16px\"><span class=\"vc_empty_space_inner\"><\/span><\/div>\r\n\t<div class=\"wpb_single_image wpb_content_element vc_align_center\">\r\n\t\t<div class=\"wpb_wrapper\">\r\n\t\t\t\r\n\t\t\t<div class=\"vc_single_image-wrapper vc_box_shadow_3d  vc_box_border_grey\"><span class=\"vc_box_shadow_3d_wrap\"><img loading=\"lazy\" decoding=\"async\" class=\"vc_single_image-img\" src=\"https:\/\/gs-art.ro\/wp-content\/uploads\/2024\/05\/8.-Pietro-Santi-Bartoli-1635-1700-A-drawer-and-his-model-1675-e1717055373811-335x220.jpg\" width=\"335\" height=\"220\" alt=\"\" title=\"\" \/><\/span><\/div>\r\n\t\t<\/div>\r\n\t<\/div>\r\n<p style=\"font-size: 18px;color: #0a0a0a;text-align: center;font-family:Abril Fatface;font-weight:400;font-style:normal;letter-spacing:100\" class=\"vc_custom_heading heading-quaternary\" >Selec\u021bie de gravuri europene din perioada 1500-1900<\/p>\n\t<div class=\"wpb_text_column wpb_content_element\" >\n\t\t<div class=\"wpb_wrapper\">\n\t\t\t<p style=\"text-align: justify;\">\u201eSelec\u021bie de gravuri europene din perioada 1500-1900\u201d este o colec\u021bie reprezentativ\u0103 de gravuri \u0219i stampe realizate \u00een Europa \u00een perioada Rena\u0219terii, Barocului \u0219i Rococo. GS Art v\u0103 invit\u0103 s\u0103 vede\u021bi arti\u0219ti precum Albrecht D\u00fcrer, Raphael, Tiziano Vecellio \u0219i mul\u021bi al\u021bii.<\/p>\n\n\t\t<\/div>\n\t<\/div>\n<div class=\"vc_btn3-container  btn-style-1 vc_btn3-center\" >\r\n\t<a class=\"vc_btn3 vc_btn3-shape-square wpb_custom_6687b26f39488ddbb85ddb3c1ce8e111 btn btn-borders btn-md btn-dark\" href=\"https:\/\/gs-art.ro\/ro\/virtual-exhibitions\/european-engravings-etchings-1500-1900\/\" title=\"\">Vezi Expozi\u021bia<\/a>\t<\/div>\r\n<\/div><\/div><div class=\"vc_column_container col-md-4 vc_custom_1722504848534\"><div class=\"wpb_wrapper vc_column-inner\"><div class=\"vc_empty_space\"   style=\"height: 16px\"><span class=\"vc_empty_space_inner\"><\/span><\/div>\r\n\t<div class=\"wpb_single_image wpb_content_element vc_align_center\">\r\n\t\t<div class=\"wpb_wrapper\">\r\n\t\t\t\r\n\t\t\t<div class=\"vc_single_image-wrapper vc_box_shadow_3d  vc_box_border_grey\"><span class=\"vc_box_shadow_3d_wrap\"><img loading=\"lazy\" decoding=\"async\" class=\"vc_single_image-img\" src=\"https:\/\/gs-art.ro\/wp-content\/uploads\/2024\/05\/01-JPG-scaled-335x220.jpg\" width=\"335\" height=\"220\" alt=\"\" title=\"\" \/><\/span><\/div>\r\n\t\t<\/div>\r\n\t<\/div>\r\n<p style=\"font-size: 18px;color: #303030;text-align: center;font-family:Abril Fatface;font-weight:400;font-style:normal\" class=\"vc_custom_heading heading-quaternary\" >Selec\u021bie de stampe japoneze din epoca Meiji<\/p>\n\t<div class=\"wpb_text_column wpb_content_element\" >\n\t\t<div class=\"wpb_wrapper\">\n\t\t\t<p style=\"text-align: justify;\">Aceast\u0103 epoc\u0103 este cunoscut\u0103 pentru transform\u0103rile majore din societatea japonez\u0103, inclusiv modernizarea \u0219i deschiderea c\u0103tre influen\u021bele occidentale, reflectate \u00een arta epocii. GS Art v\u0103 prezint\u0103 o selec\u021bie de stampe japoneze originale, create de mai mul\u021bi arti\u0219ti \u00een timpul epocii Meiji (1868-1912).<\/p>\n\n\t\t<\/div>\n\t<\/div>\n<div class=\"vc_btn3-container  btn-style-1 vc_btn3-center\" >\r\n\t<a class=\"vc_btn3 vc_btn3-shape-default wpb_custom_6687b26f39488ddbb85ddb3c1ce8e111 btn btn-borders btn-lg btn-dark\" href=\"https:\/\/gs-art.ro\/ro\/virtual-exhibitions\/woodblock-prints-meiji\/\" title=\"\">Vezi Expozi\u021bia<\/a>\t<\/div>\r\n<\/div><\/div><\/div>\n<\/div>","protected":false},"excerpt":{"rendered":"Welcome to our virtual exhibitions! For the best experience, we recommend that you access the web version of our site. The latter offers higher resolution and enhanced features than the mobile version. Enjoy! Selection of European Prints from the 20th Century What do Pablo Picasso, Salvador Dal\u00ed, Joan Mir\u00f3, Marc Chagall or Edvard Munch have [...]","protected":false},"author":1,"featured_media":0,"parent":0,"menu_order":0,"comment_status":"closed","ping_status":"closed","template":"","meta":{"footnotes":""},"class_list":["post-307","page","type-page","status-publish","hentry"],"_links":{"self":[{"href":"https:\/\/gs-art.ro\/ro\/wp-json\/wp\/v2\/pages\/307","targetHints":{"allow":["GET"]}}],"collection":[{"href":"https:\/\/gs-art.ro\/ro\/wp-json\/wp\/v2\/pages"}],"about":[{"href":"https:\/\/gs-art.ro\/ro\/wp-json\/wp\/v2\/types\/page"}],"author":[{"embeddable":true,"href":"https:\/\/gs-art.ro\/ro\/wp-json\/wp\/v2\/users\/1"}],"replies":[{"embeddable":true,"href":"https:\/\/gs-art.ro\/ro\/wp-json\/wp\/v2\/comments?post=307"}],"version-history":[{"count":148,"href":"https:\/\/gs-art.ro\/ro\/wp-json\/wp\/v2\/pages\/307\/revisions"}],"predecessor-version":[{"id":2514,"href":"https:\/\/gs-art.ro\/ro\/wp-json\/wp\/v2\/pages\/307\/revisions\/2514"}],"wp:attachment":[{"href":"https:\/\/gs-art.ro\/ro\/wp-json\/wp\/v2\/media?parent=307"}],"curies":[{"name":"wp","href":"https:\/\/api.w.org\/{rel}","templated":true}]}}