{"id":350,"date":"2022-04-28T16:33:20","date_gmt":"2022-04-28T13:33:20","guid":{"rendered":"https:\/\/gs-art.ro\/?page_id=350"},"modified":"2024-08-21T10:26:50","modified_gmt":"2024-08-21T07:26:50","slug":"woodblock-prints-utagawa","status":"publish","type":"page","link":"https:\/\/gs-art.ro\/ro\/virtual-exhibitions\/woodblock-prints-utagawa\/","title":{"rendered":"Selec\u021bie de stampe japoneze din epoca Edo"},"content":{"rendered":"<div class=\"wpb-content-wrapper\"><div class=\"vc_row wpb_row row top-row text-center\"><div class=\"vc_column_container col-md-2\"><div class=\"wpb_wrapper vc_column-inner\"><\/div><\/div><div class=\"vc_column_container col-md-8\"><div class=\"wpb_wrapper vc_column-inner\">\n\t<div class=\"wpb_raw_code wpb_content_element wpb_raw_html\" >\n\t\t<div class=\"wpb_wrapper\">\n\t\t\t<iframe width=\"100%\" height=\"500\" src=\"https:\/\/d7mntklkfre1v.cloudfront.net\/virtual-exhibitions\/?i=3826\" frameborder=\"0\" allowfullscreen><\/iframe>\n\t\t<\/div>\n\t<\/div>\n<div class=\"porto-separator\"><hr class=\"separator-line  align_center\" style=\"background-image: -webkit-linear-gradient(left, transparent, grey, transparent); background-image: linear-gradient(to right, transparent, grey, transparent);width:80%;\"><\/div><\/div><\/div><div class=\"vc_column_container col-md-2\"><div class=\"wpb_wrapper vc_column-inner\"><\/div><\/div><\/div><div class=\"vc_row wpb_row row top-row\"><div class=\"vc_column_container col-md-2\"><div class=\"wpb_wrapper vc_column-inner\"><\/div><\/div><div class=\"vc_column_container col-md-8\"><div class=\"wpb_wrapper vc_column-inner\">\n\t<div class=\"wpb_text_column wpb_content_element\" >\n\t\t<div class=\"wpb_wrapper\">\n\t\t\t<p style=\"text-align: justify;\"><strong>Istoria Epocii Edo<\/strong><\/p>\n<p style=\"text-align: justify;\">Arta japonez\u0103 ukiyo-e s-a dezvoltat \u00een ora\u0219ul Edo (actualul Tokyo) \u00een timpul epocii Tokugawa sau Edo (1615-1868). Aceste dou\u0103 denumiri se refer\u0103 la cei 250 de ani relativ pa\u0219nici \u00een care shogunii Tokugawa au condus Japonia \u0219i au f\u0103cut din Edo sediul puterii shogunale.<\/p>\n<p style=\"text-align: justify;\">Ierarhia social\u0103 a vremii, stabilit\u0103 oficial de conduc\u0103torii shogunali, plasa negustorii, segmentul cel mai bogat al popula\u021biei, la cap\u0103tul inferior al sc\u0103rii sociale. Cu puterea politic\u0103 efectiv \u00eenl\u0103turat\u0103, clasa negustorilor s-a orientat c\u0103tre art\u0103 \u0219i cultur\u0103, ca arene \u00een care putea participa pe picior de egalitate cu elita claselor superioare (r\u0103zboinici, fermieri \u0219i artizani). Colaborarea dintre negustorii, arti\u0219tii, editorii \u0219i or\u0103\u0219enii din Edo a fost cea care a dat ukiyo-e vocea sa unic\u0103. La r\u00e2ndul s\u0103u, ukiyo-e a oferit acestor grupuri un mijloc de a ob\u021bine un statut cultural \u00een afara domeniilor sanc\u021bionate ale shogunatului, templului \u0219i cur\u021bii.<\/p>\n<p style=\"text-align: justify;\">\u00cen aceast\u0103 expozi\u021bie ve\u021bi g\u0103si o selec\u021bie de xilogravuri japoneze originale din perioada Edo, realizate de arti\u0219ti celebri ai acestei perioade, precum Utamaro, Hokusai, Eizan, Eisen \u0219i lucr\u0103ri ale membrilor \u0219colii Utagawa, precum Toyokuni I, Toyokuni III Kunisada, Hiroshige, Kunisada II, Kunichika, Kuniyoshi.<\/p>\n<p style=\"text-align: justify;\">\u0218coala Utagawa a fost una dintre principalele \u0219coli de stampe ukiyo-e, fondat\u0103 de Utagawa Toyoharu la sf\u00e2r\u0219itul anilor 1760. A fost cea mai mare \u0219coal\u0103 ukiyo-e din perioada sa. Principalele stiluri erau bijin-ga (femei frumoase) \u0219i uki-e (imagine \u00een perspectiv\u0103). Principalul s\u0103u elev, Toyokuni I, a preluat conducerea dup\u0103 moartea lui Toyoharu \u0219i a condus grupul pentru a deveni cea mai faimoas\u0103 \u0219i puternic\u0103 \u0219coal\u0103 de gravur\u0103 pe lemn pentru restul secolului al XIX-lea.<sup>th<\/sup> century.<\/p>\n<p style=\"text-align: justify;\">Hiroshige, Kunisada, Kuniyoshi \u0219i Yoshitoshi au fost elevii lui Utagawa. \u0218coala a avut at\u00e2t de mult succes \u0219i a devenit at\u00e2t de cunoscut\u0103 \u00eenc\u00e2t ast\u0103zi mai mult de jum\u0103tate din toate tip\u0103riturile ukiyo-e care au supravie\u021buit au fost create de elevii acestei \u0219coli.<\/p>\n<p style=\"text-align: justify;\">Fondatorul Toyoharu a adoptat perspectiva profund\u0103 \u00een stil occidental, o inova\u021bie \u00een arta japonez\u0103. Urma\u0219ii s\u0103i imedia\u021bi, Utagawa Toyohiro \u0219i Toyokuni, au adoptat stiluri mai \u00eendr\u0103zne\u021be \u0219i mai senzuale dec\u00e2t Toyoharu \u0219i s-au specializat \u00een genuri diferite - Toyohiro \u00een peisaje \u0219i Toyokuni \u00een stampe cu actori kabuki. Mai t\u00e2rziu, arti\u0219tii \u0219colii s-au specializat \u00een alte genuri, cum ar fi gravurile cu r\u0103zboinici \u0219i pove\u0219ti mitice.<\/p>\n\n\t\t<\/div>\n\t<\/div>\n<\/div><\/div><div class=\"vc_column_container col-md-2\"><div class=\"wpb_wrapper vc_column-inner\"><\/div><\/div><\/div>\n<\/div>","protected":false},"excerpt":{"rendered":"History of the Edo Era The Japanese art of ukiyo-e developed in the city of Edo (now Tokyo) during the Tokugawa or Edo era (1615-1868). These two names refer to the relatively peaceful 250 years during which the Tokugawa shoguns ruled Japan and made Edo the shogunal seat of power. The social hierarchy of the [...]","protected":false},"author":1,"featured_media":0,"parent":307,"menu_order":0,"comment_status":"closed","ping_status":"closed","template":"","meta":{"footnotes":""},"class_list":["post-350","page","type-page","status-publish","hentry"],"_links":{"self":[{"href":"https:\/\/gs-art.ro\/ro\/wp-json\/wp\/v2\/pages\/350","targetHints":{"allow":["GET"]}}],"collection":[{"href":"https:\/\/gs-art.ro\/ro\/wp-json\/wp\/v2\/pages"}],"about":[{"href":"https:\/\/gs-art.ro\/ro\/wp-json\/wp\/v2\/types\/page"}],"author":[{"embeddable":true,"href":"https:\/\/gs-art.ro\/ro\/wp-json\/wp\/v2\/users\/1"}],"replies":[{"embeddable":true,"href":"https:\/\/gs-art.ro\/ro\/wp-json\/wp\/v2\/comments?post=350"}],"version-history":[{"count":32,"href":"https:\/\/gs-art.ro\/ro\/wp-json\/wp\/v2\/pages\/350\/revisions"}],"predecessor-version":[{"id":2272,"href":"https:\/\/gs-art.ro\/ro\/wp-json\/wp\/v2\/pages\/350\/revisions\/2272"}],"up":[{"embeddable":true,"href":"https:\/\/gs-art.ro\/ro\/wp-json\/wp\/v2\/pages\/307"}],"wp:attachment":[{"href":"https:\/\/gs-art.ro\/ro\/wp-json\/wp\/v2\/media?parent=350"}],"curies":[{"name":"wp","href":"https:\/\/api.w.org\/{rel}","templated":true}]}}