{"id":351,"date":"2022-04-28T16:34:28","date_gmt":"2022-04-28T13:34:28","guid":{"rendered":"https:\/\/gs-art.ro\/?page_id=351"},"modified":"2024-08-21T10:24:56","modified_gmt":"2024-08-21T07:24:56","slug":"european-prints","status":"publish","type":"page","link":"https:\/\/gs-art.ro\/ro\/virtual-exhibitions\/european-prints\/","title":{"rendered":"Selec\u021bie de litografii europene din secolul XX"},"content":{"rendered":"<div class=\"wpb-content-wrapper\"><div class=\"vc_row wpb_row row top-row text-center\"><div class=\"vc_column_container col-md-2\"><div class=\"wpb_wrapper vc_column-inner\"><\/div><\/div><div class=\"vc_column_container col-md-8\"><div class=\"wpb_wrapper vc_column-inner\">\n\t<div class=\"wpb_raw_code wpb_content_element wpb_raw_html\" >\n\t\t<div class=\"wpb_wrapper\">\n\t\t\t<iframe width=\"100%\" height=\"500\" src=\"https:\/\/d7mntklkfre1v.cloudfront.net\/virtual-exhibitions\/?i=3013\" frameborder=\"0\" allowfullscreen><\/iframe>\n\t\t<\/div>\n\t<\/div>\n<div class=\"porto-separator\"><hr class=\"separator-line  align_center\" style=\"background-image: -webkit-linear-gradient(left, transparent, grey, transparent); background-image: linear-gradient(to right, transparent, grey, transparent);width:80%;\"><\/div><\/div><\/div><div class=\"vc_column_container col-md-2\"><div class=\"wpb_wrapper vc_column-inner\"><\/div><\/div><\/div><div class=\"vc_row wpb_row row top-row\"><div class=\"vc_column_container col-md-12\"><div class=\"wpb_wrapper vc_column-inner\"><\/div><\/div><\/div><div class=\"vc_row wpb_row row top-row\"><div class=\"vc_column_container col-md-2\"><div class=\"wpb_wrapper vc_column-inner\"><\/div><\/div><div class=\"vc_column_container col-md-8\"><div class=\"wpb_wrapper vc_column-inner\">\n\t<div class=\"wpb_text_column wpb_content_element\" >\n\t\t<div class=\"wpb_wrapper\">\n\t\t\t<p style=\"text-align: justify;\" class=\" translation-block\">Considerat unul dintre cei mai influen\u021bi arti\u0219ti ai secolului XX, ,<strong>Pablo Picasso<\/strong> este cunoscut drept cofondator al mi\u0219c\u0103rii cubiste, inventator al sculpturii construite, co-inventator al colajului \u0219i pentru marea varietate de alte stiluri pe care a contribuit la dezvoltarea \u0219i explorarea acestora. Enorma oper\u0103 a lui Picasso r\u0103m\u00e2ne, iar legenda tr\u0103ie\u0219te, un tribut adus vitalit\u0103\u021bii spaniolului \"nelini\u0219titor\", care credea supersti\u021bios c\u0103 munca \u00eel va \u021bine \u00een via\u021b\u0103. Timp de aproape 80 din cei 91 de ani ai s\u0103i, Picasso s-a dedicat unei produc\u021bii artistice care a contribuit \u00een mod semnificativ la \u00eentreaga dezvoltare a artei moderne \u00een secolul al XX-lea.<\/p>\n<p style=\"text-align: justify;\" class=\" translation-block\">Repertoriul artistic al lui <strong>Salvador Dal\u00ed<\/strong> a inclus pictur\u0103, arte grafice, film, sculptur\u0103, design \u0219i fotografie, uneori \u00een colaborare cu al\u021bi arti\u0219ti. De asemenea, a scris fic\u021biune, poezie, autobiografie, eseuri \u0219i critic\u0103. Printre temele majore ale operei sale se num\u0103r\u0103 visele, subcon\u0219tientul, sexualitatea, religia, \u0219tiin\u021ba \u0219i rela\u021biile sale personale cele mai apropiate. Spre consternarea celor care i-au apreciat opera \u0219i spre iritarea criticilor s\u0103i, comportamentul s\u0103u public excentric \u0219i ostentativ a atras adesea mai mult\u0103 aten\u021bie dec\u00e2t opera sa de art\u0103.<\/p>\n<p style=\"text-align: justify;\" class=\" translation-block\"><strong>Joan Mir\u00f3<\/strong> a combinat arta abstract\u0103 cu fantezia suprarealist\u0103. Stilul s\u0103u matur a evoluat din tensiunea dintre impulsul s\u0103u fantezist \u0219i poetic \u0219i viziunea sa asupra durit\u0103\u021bii vie\u021bii moderne. A lucrat intensiv \u00een litografie \u0219i a realizat numeroase picturi murale, tapiserii \u0219i sculpturi pentru spa\u021bii publice.<\/p>\n<p style=\"text-align: justify;\" class=\" translation-block\"><strong>Marc Chagall<\/strong> a fost un artist ruso-francez care a fost asociat cu mai multe stiluri artistice majore \u0219i a creat lucr\u0103ri \u00eentr-o gam\u0103 larg\u0103 de formate artistice, inclusiv picturi, ilustra\u021bii de carte, vitralii, decoruri, tapiserii din ceramic\u0103 \u0219i gravuri de art\u0103. El \u0219i-a compus imaginile pe baza unor asocieri emo\u021bionale \u0219i poetice, mai degrab\u0103 dec\u00e2t pe baza unor reguli de logic\u0103 pictural\u0103. Preced\u00e2nd suprarealismul, primele sale lucr\u0103ri, precum \"Eu \u0219i satul\" (1911), au fost printre primele expresii ale realit\u0103\u021bii psihice \u00een arta modern\u0103. Lucr\u0103rile sale \u00een diverse medii includ decoruri pentru piese de teatru \u0219i balet, gravuri ilustr\u00e2nd Biblia \u0219i vitralii.<\/p>\n<p style=\"text-align: justify;\" class=\" translation-block\">\u021aip\u0103tul (1893), cea mai cunoscut\u0103 oper\u0103 a lui <strong>Edvard Munch<\/strong>, a devenit o imagine reprezentativ\u0103 a lumii artei. \u021aip\u0103tul a fost conceput \u00een Cristiania. Potrivit lui Munch, el se plimba la apusul soarelui, c\u00e2nd a \"auzit \u021bip\u0103tul enorm, infinit al naturii\". Chipul agonizant al tabloului este identificat cu angoasa omului modern. \u00centre 1893 \u0219i 1910, a realizat dou\u0103 versiuni \u00een pictur\u0103 \u0219i dou\u0103 \u00een pastel, precum \u0219i o serie de gravuri. Unul dintre pasteluri va ajunge \u00een cele din urm\u0103 al patrulea cel mai mare pre\u021b pl\u0103tit pentru o pictur\u0103 la licita\u021bie. \u00cen aceast\u0103 expozi\u021bie pute\u021bi g\u0103si o litografie realizat\u0103 \u00een secolul al XX-lea.<\/p>\n<p style=\"text-align: justify;\" class=\" translation-block\">Cunoscut at\u00e2t pentru utilizarea culorii, c\u00e2t \u0219i pentru desenul s\u0103u fluid \u0219i original, <strong>Henri Matisse<\/strong> a fost desenator, gravor \u0219i sculptor, de\u0219i este cunoscut mai ales ca pictor. Matisse este considerat, al\u0103turi de Pablo Picasso, drept unul dintre arti\u0219tii care au contribuit cel mai mult la definirea evolu\u021biilor revolu\u021bionare din artele vizuale \u00een primele decenii ale secolului al XX-lea, fiind responsabil pentru evolu\u021bii semnificative \u00een pictur\u0103 \u0219i sculptur\u0103.<\/p>\n<p style=\"text-align: justify;\" class=\" translation-block\"><strong>Giorgio de Chirico<\/strong> a fondat mi\u0219carea artistic\u0103 \"scuola metafisica\", care i-a influen\u021bat profund pe suprareali\u0219ti. Cele mai cunoscute lucr\u0103ri ale sale prezint\u0103 adesea arcade romane, umbre lungi, manechine, trenuri \u0219i perspective ilogice. Imaginile sale reflect\u0103 afinitatea sa pentru filosofia lui Arthur Schopenhauer \u0219i a lui Friedrich Nietzsche, precum \u0219i pentru mitologia locului s\u0103u natal. Dup\u0103 1919, a devenit un critic al artei moderne, a studiat tehnicile tradi\u021bionale de pictur\u0103 \u0219i a lucrat \u00eentr-un stil neoclasic sau neobaroc, revizit\u00e2nd frecvent temele metafizice din lucr\u0103rile sale anterioare.<\/p>\n<p style=\"text-align: justify;\" class=\" translation-block\">\u00cen aceast\u0103 expozi\u021bie pute\u021bi admira lucr\u0103ri (litografie \u0219i tehnici de gravur\u0103) create \u00een secolul XX dup\u0103 Pablo Picasso, Salvador Dali, Joan Mir\u00f3, Marc Chagall, Edvard Munch, Henri Matisse, Giorgio de Chirico \u0219i al\u021bi arti\u0219ti importan\u021bi ai secolului XX.<\/p>\n\n\t\t<\/div>\n\t<\/div>\n<\/div><\/div><div class=\"vc_column_container col-md-2\"><div class=\"wpb_wrapper vc_column-inner\"><\/div><\/div><\/div>\n<\/div>","protected":false},"excerpt":{"rendered":"Regarded as one of the most influential artists of the 20th century, Pablo Picasso is known for co-founding the Cubist movement, the invention of constructed sculpture, the co-inventor of collage, and for the wide variety of other styles that he helped develop and explore. The enormous body of Picasso\u2019s work remains, and the legend lives [...]","protected":false},"author":1,"featured_media":0,"parent":307,"menu_order":0,"comment_status":"closed","ping_status":"closed","template":"","meta":{"footnotes":""},"class_list":["post-351","page","type-page","status-publish","hentry"],"_links":{"self":[{"href":"https:\/\/gs-art.ro\/ro\/wp-json\/wp\/v2\/pages\/351","targetHints":{"allow":["GET"]}}],"collection":[{"href":"https:\/\/gs-art.ro\/ro\/wp-json\/wp\/v2\/pages"}],"about":[{"href":"https:\/\/gs-art.ro\/ro\/wp-json\/wp\/v2\/types\/page"}],"author":[{"embeddable":true,"href":"https:\/\/gs-art.ro\/ro\/wp-json\/wp\/v2\/users\/1"}],"replies":[{"embeddable":true,"href":"https:\/\/gs-art.ro\/ro\/wp-json\/wp\/v2\/comments?post=351"}],"version-history":[{"count":26,"href":"https:\/\/gs-art.ro\/ro\/wp-json\/wp\/v2\/pages\/351\/revisions"}],"predecessor-version":[{"id":2271,"href":"https:\/\/gs-art.ro\/ro\/wp-json\/wp\/v2\/pages\/351\/revisions\/2271"}],"up":[{"embeddable":true,"href":"https:\/\/gs-art.ro\/ro\/wp-json\/wp\/v2\/pages\/307"}],"wp:attachment":[{"href":"https:\/\/gs-art.ro\/ro\/wp-json\/wp\/v2\/media?parent=351"}],"curies":[{"name":"wp","href":"https:\/\/api.w.org\/{rel}","templated":true}]}}