{"id":424,"date":"2022-06-02T14:41:29","date_gmt":"2022-06-02T11:41:29","guid":{"rendered":"https:\/\/gs-art.ro\/?page_id=424"},"modified":"2024-08-18T10:58:36","modified_gmt":"2024-08-18T07:58:36","slug":"contact","status":"publish","type":"page","link":"https:\/\/gs-art.ro\/ro\/contact\/","title":{"rendered":"Contact"},"content":{"rendered":"<div class=\"wpb-content-wrapper\"><div data-vc-full-width=\"true\" data-vc-full-width-init=\"false\" class=\"vc_row wpb_row row top-row text-center vc_row-o-equal-height vc_row-o-content-top vc_row-flex\"><div class=\"vc_column_container col-md-2 text-center\"><div class=\"wpb_wrapper vc_column-inner\"><\/div><\/div><div class=\"vc_column_container col-md-8\"><div class=\"wpb_wrapper vc_column-inner\">\n\t<div class=\"wpb_text_column wpb_content_element  vc_custom_1723807776235\" >\n\t\t<div class=\"wpb_wrapper\">\n\t\t\t<p style=\"text-align: center;\"><span style=\"font-size: 16px;\"><strong>\ud83c\udfa8<\/strong> <strong>Exploreaz\u0103 lumea artei cu noi!<\/strong><\/span><\/p>\n<p><span style=\"font-size: 16px;\">Pentru a r\u0103m\u00e2ne conectat \u0219i a nu pierde nicio ocazie, v\u0103 invit\u0103m s\u0103 ne urm\u0103ri\u021bi pe paginile noastre de social media. Urm\u0103ri\u021bi-ne pe Facebook pentru a descoperi lucr\u0103ri de art\u0103 captivante, pentru a admira cele mai recente expozi\u021bii ale noastre \u0219i pentru a fi la curent cu evenimentele viitoare \u0219i cu prezent\u0103rile arti\u0219tilor.<\/span><\/p>\n\n\t\t<\/div>\n\t<\/div>\n<div class=\"vc_btn3-container vc_btn3-center\" >\r\n\t<a  data-appear-animation=\"bounceInRight\" class=\"vc_general vc_btn3 vc_btn3-size-lg vc_btn3-shape-default vc_btn3-style-modern wpb_custom_6687b26f39488ddbb85ddb3c1ce8e111 vc_btn3-icon-left vc_btn3-color-primary btn\" href=\"https:\/\/www.facebook.com\/GSArt.Online\" title=\"\" target=\"_blank\" rel=\"nofollow\"><i class=\"vc_btn3-icon fab fa-facebook-square\"><\/i> GS Art pe Facebook<\/a>\t<\/div>\r\n<\/div><\/div><div class=\"vc_column_container col-md-2\"><div class=\"wpb_wrapper vc_column-inner\"><\/div><\/div><\/div><div class=\"vc_row-full-width vc_clearfix\"><\/div>\n<\/div>","protected":false},"excerpt":{"rendered":"\ud83c\udfa8 Explore the World of Art with Us! \ud83c\udfa8 To stay connected and never miss a beat, we invite you to join us on our social media pages. Follow us on Facebook to discover captivating artworks, admire our latest exhibitions, and stay updated on upcoming events and artist features. GS Art on Facebook","protected":false},"author":1,"featured_media":0,"parent":0,"menu_order":0,"comment_status":"closed","ping_status":"closed","template":"","meta":{"footnotes":""},"class_list":["post-424","page","type-page","status-publish","hentry"],"_links":{"self":[{"href":"https:\/\/gs-art.ro\/ro\/wp-json\/wp\/v2\/pages\/424","targetHints":{"allow":["GET"]}}],"collection":[{"href":"https:\/\/gs-art.ro\/ro\/wp-json\/wp\/v2\/pages"}],"about":[{"href":"https:\/\/gs-art.ro\/ro\/wp-json\/wp\/v2\/types\/page"}],"author":[{"embeddable":true,"href":"https:\/\/gs-art.ro\/ro\/wp-json\/wp\/v2\/users\/1"}],"replies":[{"embeddable":true,"href":"https:\/\/gs-art.ro\/ro\/wp-json\/wp\/v2\/comments?post=424"}],"version-history":[{"count":31,"href":"https:\/\/gs-art.ro\/ro\/wp-json\/wp\/v2\/pages\/424\/revisions"}],"predecessor-version":[{"id":2430,"href":"https:\/\/gs-art.ro\/ro\/wp-json\/wp\/v2\/pages\/424\/revisions\/2430"}],"wp:attachment":[{"href":"https:\/\/gs-art.ro\/ro\/wp-json\/wp\/v2\/media?parent=424"}],"curies":[{"name":"wp","href":"https:\/\/api.w.org\/{rel}","templated":true}]}}